{"id":591,"date":"2020-06-11T09:57:42","date_gmt":"2020-06-11T07:57:42","guid":{"rendered":"https:\/\/cauterets.site\/?page_id=591"},"modified":"2025-01-13T17:52:29","modified_gmt":"2025-01-13T15:52:29","slug":"panier-repas","status":"publish","type":"page","link":"https:\/\/cauterets.site\/en_gb\/panier-repas\/","title":{"rendered":"Lunch Pack"},"content":{"rendered":"\n<p><a href=\"https:\/\/cauterets.site\/rando-ou-activites\/\">Partez en randonn\u00e9e<\/a> avec dans votre sac de quoi vous sustenter et aller jusqu&#8217;au sommet!<\/p>\n\n\n\n<hr class=\"wp-block-separator has-css-opacity\"\/>\n\n\n\n<p>Il suffit de nous demander la veille, et Arnaud prendra du bon pain frais pour vous \u00e0 la meilleure boulangerie de Cauterets, avec les croissants du matin. Vous pourrez partir apr\u00e8s le petit-d\u00e9jeuner avec de bons sandwiches truff\u00e9s des meilleurs ingr\u00e9dients de nos vall\u00e9es choisis pour vous par Am\u00e9lie.<\/p>\n\n\n\n<p>Nos g\u00e2teaux, fromages et charcuteries n&#8217;ont pas le m\u00eame go\u00fbt d\u00e9gust\u00e9s en altitude&#8230;<\/p>\n\n\n\n<p>N&#8217;h\u00e9sitez pas \u00e0 nous dire vos pr\u00e9f\u00e9rences, vos gourmandises: nous avons envie de vous faire plaisir!<\/p>\n\n\n\n<p>N&#8217;oubliez pas de nous ramener vos d\u00e9chets car, amis de la nature, nous trions et compostons. En montagne, on redescend toujours avec ses d\u00e9chets!<\/p>\n\n\n\n<p>Notez que puisque nous proposons nos savoureux pique-niques, et pour des raisons d&#8217;hygi\u00e8ne, nous ne pouvons malheureusement pas entreposer vos denr\u00e9es dans le r\u00e9frig\u00e9rateur de notre cuisine.<\/p>\n","protected":false},"excerpt":{"rendered":"<p>Don&#8217;t worry about your daily supply. Go discover our mountains with some nice lunch in your backpack! Just ask us on the evening, and we will prepare for you some sandwiches with fresh bread and delicious local specialties. Our vegetables, cheese and charcuterie are almost more tasty in altitude&#8230; Do not forget to give us<\/p>\n<div class=\"\" ><a class=\"custom-btn book-sm\" href=\"https:\/\/cauterets.site\/en_gb\/panier-repas\/\"><i class=\"fa fa-chevron-circle-right\"><\/i>Read More<\/a><\/div>\n","protected":false},"author":2,"featured_media":541,"parent":0,"menu_order":2,"comment_status":"closed","ping_status":"closed","template":"","meta":{"footnotes":""},"class_list":["post-591","page","type-page","status-publish","has-post-thumbnail","hentry"],"_links":{"self":[{"href":"https:\/\/cauterets.site\/en_gb\/wp-json\/wp\/v2\/pages\/591","targetHints":{"allow":["GET"]}}],"collection":[{"href":"https:\/\/cauterets.site\/en_gb\/wp-json\/wp\/v2\/pages"}],"about":[{"href":"https:\/\/cauterets.site\/en_gb\/wp-json\/wp\/v2\/types\/page"}],"author":[{"embeddable":true,"href":"https:\/\/cauterets.site\/en_gb\/wp-json\/wp\/v2\/users\/2"}],"replies":[{"embeddable":true,"href":"https:\/\/cauterets.site\/en_gb\/wp-json\/wp\/v2\/comments?post=591"}],"version-history":[{"count":21,"href":"https:\/\/cauterets.site\/en_gb\/wp-json\/wp\/v2\/pages\/591\/revisions"}],"predecessor-version":[{"id":6507,"href":"https:\/\/cauterets.site\/en_gb\/wp-json\/wp\/v2\/pages\/591\/revisions\/6507"}],"wp:featuredmedia":[{"embeddable":true,"href":"https:\/\/cauterets.site\/en_gb\/wp-json\/wp\/v2\/media\/541"}],"wp:attachment":[{"href":"https:\/\/cauterets.site\/en_gb\/wp-json\/wp\/v2\/media?parent=591"}],"curies":[{"name":"wp","href":"https:\/\/api.w.org\/{rel}","templated":true}]}}