{"id":589,"date":"2020-06-11T09:56:36","date_gmt":"2020-06-11T07:56:36","guid":{"rendered":"https:\/\/cauterets.site\/?page_id=589"},"modified":"2025-12-31T19:59:31","modified_gmt":"2025-12-31T17:59:31","slug":"rando-ou-activites","status":"publish","type":"page","link":"https:\/\/cauterets.site\/en_gb\/rando-ou-activites\/","title":{"rendered":"Hikes and Activities"},"content":{"rendered":"\n<p class=\"has-drop-cap\">Cauterets est renomm\u00e9 pour son <a href=\"https:\/\/www.cauterets.com\/blog\/category\/randonnee\/\" target=\"_blank\" rel=\"noreferrer noopener\">cadre naturel<\/a> et ses <a href=\"https:\/\/www.cauterets.com\/les-activites-de-cauterets\/\" target=\"_blank\" rel=\"noreferrer noopener\">activit\u00e9s<\/a> vari\u00e9es, accessibles \u00e0 tous: ski, raquettes, trail, rando, v\u00e9lo, thermes&#8230; Vous \u00eates au c\u0153ur du parc national, o\u00f9 tr\u00f4ne <a href=\"https:\/\/fr.wikipedia.org\/wiki\/Vignemale\">le Vignemale<\/a>, plus haut sommet des Pyr\u00e9n\u00e9es fran\u00e7aises avec les 3298 m\u00e8tres de son Pique Longue, et le deuxi\u00e8me sommet de la cha\u00eene, juste \u00e0 c\u00f4t\u00e9, qui s&#8217;appelle&#8230; <a href=\"https:\/\/fr.wikipedia.org\/wiki\/Clot_de_la_Hount\">le Clot de la Hount<\/a>! D&#8217;o\u00f9 le nom de notre maison.<\/p>\n\n\n<div class=\"wp-block-image\">\n<figure class=\"aligncenter size-large is-resized\"><a href=\"https:\/\/www.camptocamp.org\/routes\/54950\/fr\/vignemale-pique-longue-par-le-clot-de-la-hount-couloir-ledormeur\"><img decoding=\"async\" width=\"1024\" height=\"768\" src=\"https:\/\/cauterets.site\/wp-content\/uploads\/2020\/06\/VignemaleClotDeLaHount.jpg\" alt=\"\" class=\"wp-image-587\" style=\"width:539px;height:404px\" srcset=\"https:\/\/cauterets.site\/wp-content\/uploads\/2020\/06\/VignemaleClotDeLaHount.jpg 1024w, https:\/\/cauterets.site\/wp-content\/uploads\/2020\/06\/VignemaleClotDeLaHount-300x225.jpg 300w, https:\/\/cauterets.site\/wp-content\/uploads\/2020\/06\/VignemaleClotDeLaHount-768x576.jpg 768w, https:\/\/cauterets.site\/wp-content\/uploads\/2020\/06\/VignemaleClotDeLaHount-360x270.jpg 360w\" sizes=\"(max-width: 1024px) 100vw, 1024px\" \/><\/a><\/figure>\n<\/div>\n\n\n<hr class=\"wp-block-separator has-css-opacity\"\/>\n\n\n\n<p>Aux portes du <a rel=\"noreferrer noopener\" href=\"http:\/\/www.pyrenees-parcnational.fr\/\" data-type=\"URL\" data-id=\"http:\/\/www.pyrenees-parcnational.fr\/\" target=\"_blank\">Parc National des Pyr\u00e9n\u00e9es<\/a>, et au sommet de la <a href=\"https:\/\/www.tourisme-occitanie.com\/\" target=\"_blank\" rel=\"noreferrer noopener\">R\u00e9gion Occitanie<\/a>, de nombreux sites exceptionnels s&#8217;offrent \u00e0 vos d\u00e9couvertes: <\/p>\n\n\n\n<ul class=\"wp-block-list\">\n<li><a rel=\"noreferrer noopener\" href=\"https:\/\/www.parc-animalier-pyrenees.com\/\" target=\"_blank\">Le Parc Animalier des Pyr\u00e9n\u00e9es<\/a><\/li>\n\n\n\n<li><a rel=\"noreferrer noopener\" href=\"https:\/\/www.tourisme-occitanie.com\/destinations\/incontournables\/gavarnie-cauterets-pont-espagne\/\" target=\"_blank\">Gavarnie-Cauterets Pont d&#8217;Espagne<\/a><\/li>\n\n\n\n<li><a rel=\"noreferrer noopener\" href=\"https:\/\/www.tourisme-occitanie.com\/destinations\/incontournables\/pic-du-midi\/pic-du-midi-une-experience-au-sommet-des-pyrenees\/\" target=\"_blank\">Le Pic du Midi &#8211; Tourmalet<\/a><\/li>\n\n\n\n<li><a href=\"https:\/\/www.tourisme-occitanie.com\/destinations\/incontournables\/lourdes\/\" target=\"_blank\" rel=\"noreferrer noopener\">Lourdes<\/a><\/li>\n\n\n\n<li><a href=\"https:\/\/www.tourisme-occitanie.com\/destinations\/incontournables\/saint-bertrand-de-comminges\/\" target=\"_blank\" rel=\"noreferrer noopener\">Saint-Bertrand de Comminges<\/a><\/li>\n\n\n\n<li>&#8230; et plein d&#8217;autres merveilles!<\/li>\n<\/ul>\n\n\n\n<p>Si vous avez la bonne id\u00e9e de privil\u00e9gier les moyens de transports en commun, nous seulement nous viendrons vous chercher \u00e0 la gare de Cauterets, mais vous trouverez sur place:<\/p>\n\n\n\n<ul class=\"wp-block-list\">\n<li>Une <a href=\"https:\/\/zenbus.net\/publicapp\/web\/cauterets\" data-type=\"link\" data-id=\"https:\/\/zenbus.net\/publicapp\/web\/cauterets\" target=\"_blank\" rel=\"noreferrer noopener\">navette gratuite CityCab<\/a> dont l&#8217;arr\u00eat est au pied de chez nous, qui vous m\u00e8nera en ville ou aux remont\u00e9es m\u00e9caniques;<\/li>\n\n\n\n<li><a rel=\"noreferrer noopener\" href=\"https:\/\/www.cauterets.com\/ligne-de-bus-urbain\/\" data-type=\"URL\" data-id=\"https:\/\/www.cauterets.com\/ligne-de-bus-urbain\/\" target=\"_blank\">Plusieurs liaisons par jour<\/a> pour monter au pont d&#8217;Espagne;<\/li>\n\n\n\n<li>Un <a href=\"https:\/\/plan.lio-occitanie.fr\/fr\/horaires\/Cauterets\/arret\/CAUTERETS---Gare\/LIO:65S15011\" target=\"_blank\" rel=\"noreferrer noopener\">service public de bus<\/a> pour vous rendre \u00e0 Argel\u00e8s, Gavarnie ou Lourdes.<\/li>\n<\/ul>\n\n\n\n<hr class=\"wp-block-separator has-css-opacity\"\/>\n\n\n\n<p>Sachez qu&#8217;au long de votre s\u00e9jour, Arnaud sera toujours disponible pour que vous puissiez d\u00e9couvrir les sentiers ou les activit\u00e9s dont vous r\u00eavez, et qui sont parfois cach\u00e9s dans nos belles montagnes.<\/p>\n\n\n\n<p>Nous ouvrirons avec plaisir <a rel=\"noreferrer noopener\" href=\"https:\/\/www.geoportail.gouv.fr\/carte?c=-0.09573664463479395,42.88057925530086&amp;z=14&amp;l0=TRANSPORTNETWORKS.ROADS::GEOPORTAIL:OGC:WMTS(1)&amp;l1=GEOGRAPHICALGRIDSYSTEMS.MAPS.SCAN-EXPRESS.STANDARD::GEOPORTAIL:OGC:WMTS(1)&amp;permalink=yes\" target=\"_blank\">la carte IGN<\/a>, pour vous conseiller sur vos randonn\u00e9es en chaussures ou en raquettes!<\/p>\n\n\n\n<figure class=\"wp-block-image size-large\"><img decoding=\"async\" width=\"1024\" height=\"469\" src=\"https:\/\/cauterets.site\/wp-content\/uploads\/2020\/10\/ValleeFruitiere.jpg\" alt=\"Vall\u00e9e de la Fruiti\u00e8re\" class=\"wp-image-1217\" srcset=\"https:\/\/cauterets.site\/wp-content\/uploads\/2020\/10\/ValleeFruitiere.jpg 1024w, https:\/\/cauterets.site\/wp-content\/uploads\/2020\/10\/ValleeFruitiere-300x137.jpg 300w, https:\/\/cauterets.site\/wp-content\/uploads\/2020\/10\/ValleeFruitiere-768x352.jpg 768w\" sizes=\"(max-width: 1024px) 100vw, 1024px\" \/><figcaption class=\"wp-element-caption\">Vall\u00e9e de Lutour &#8211; La Fruiti\u00e8re<\/figcaption><\/figure>\n\n\n\n<p>L&#8217;hiver, nous ferons tout pour simplifier votre plaisir du ski sur le magnifique domaine skiable de notre station.<\/p>\n\n\n\n<figure class=\"wp-block-image size-large is-resized\"><img decoding=\"async\" width=\"1024\" height=\"768\" src=\"https:\/\/cauterets.site\/wp-content\/uploads\/2020\/04\/CauteretsNeige.jpg\" alt=\"Station du Lys sous la neige\" class=\"wp-image-81\" style=\"aspect-ratio:1.3363363363363363;width:622px;height:auto\" srcset=\"https:\/\/cauterets.site\/wp-content\/uploads\/2020\/04\/CauteretsNeige.jpg 1024w, https:\/\/cauterets.site\/wp-content\/uploads\/2020\/04\/CauteretsNeige-300x225.jpg 300w, https:\/\/cauterets.site\/wp-content\/uploads\/2020\/04\/CauteretsNeige-768x576.jpg 768w\" sizes=\"(max-width: 1024px) 100vw, 1024px\" \/><figcaption class=\"wp-element-caption\">La Station du Lys sous la neige<\/figcaption><\/figure>\n\n\n\n<hr class=\"wp-block-separator has-css-opacity\"\/>\n\n\n\n<figure class=\"wp-block-image size-large\"><img decoding=\"async\" width=\"1024\" height=\"469\" src=\"https:\/\/cauterets.site\/wp-content\/uploads\/2020\/04\/IMG_20190609_173306-1024x469.jpg\" alt=\"\" class=\"wp-image-73\"\/><\/figure>\n\n\n\n<p>Vous appr\u00e9cierez Cauterets aussi pour <a href=\"https:\/\/www.cauterets.com\/agenda\/\" target=\"_blank\" rel=\"noreferrer noopener\">ses activit\u00e9s culturelles<\/a> en saison.<br>Si vous le d\u00e9sirez, <a href=\"https:\/\/cauterets.catho.org\/orgue\/\">nous pourrons vous pr\u00e9senter un des tr\u00e9sors de Cauterets<\/a> car Arnaud est l&#8217;organiste du village!<\/p>\n","protected":false},"excerpt":{"rendered":"<p>Cauterets is well-known for its great mountain sites and activities. You could try to master le Vignemale, highest summit of the French Pyr\u00e9n\u00e9es with 3298 meters high, or try the second highest summit which is called&#8230; le Clot de la Hount! What a famous homonym for our B&amp;B&#8230; At the gates of the Parc National<\/p>\n<div class=\"\" ><a class=\"custom-btn book-sm\" href=\"https:\/\/cauterets.site\/en_gb\/rando-ou-activites\/\"><i class=\"fa fa-chevron-circle-right\"><\/i>Read More<\/a><\/div>\n","protected":false},"author":2,"featured_media":971,"parent":0,"menu_order":2,"comment_status":"closed","ping_status":"closed","template":"","meta":{"footnotes":""},"class_list":["post-589","page","type-page","status-publish","has-post-thumbnail","hentry"],"_links":{"self":[{"href":"https:\/\/cauterets.site\/en_gb\/wp-json\/wp\/v2\/pages\/589","targetHints":{"allow":["GET"]}}],"collection":[{"href":"https:\/\/cauterets.site\/en_gb\/wp-json\/wp\/v2\/pages"}],"about":[{"href":"https:\/\/cauterets.site\/en_gb\/wp-json\/wp\/v2\/types\/page"}],"author":[{"embeddable":true,"href":"https:\/\/cauterets.site\/en_gb\/wp-json\/wp\/v2\/users\/2"}],"replies":[{"embeddable":true,"href":"https:\/\/cauterets.site\/en_gb\/wp-json\/wp\/v2\/comments?post=589"}],"version-history":[{"count":72,"href":"https:\/\/cauterets.site\/en_gb\/wp-json\/wp\/v2\/pages\/589\/revisions"}],"predecessor-version":[{"id":7268,"href":"https:\/\/cauterets.site\/en_gb\/wp-json\/wp\/v2\/pages\/589\/revisions\/7268"}],"wp:featuredmedia":[{"embeddable":true,"href":"https:\/\/cauterets.site\/en_gb\/wp-json\/wp\/v2\/media\/971"}],"wp:attachment":[{"href":"https:\/\/cauterets.site\/en_gb\/wp-json\/wp\/v2\/media?parent=589"}],"curies":[{"name":"wp","href":"https:\/\/api.w.org\/{rel}","templated":true}]}}