{"id":484,"date":"2020-06-10T21:44:57","date_gmt":"2020-06-10T19:44:57","guid":{"rendered":"https:\/\/cauterets.site\/?page_id=484"},"modified":"2025-12-31T17:58:59","modified_gmt":"2025-12-31T15:58:59","slug":"chambres","status":"publish","type":"page","link":"https:\/\/cauterets.site\/en_gb\/chambres\/","title":{"rendered":"Rooms"},"content":{"rendered":"\n<p>Nous offrons deux chambres avec salle de bain priv\u00e9e et vue sur les montagnes&#8230;<\/p>\n\n\n\n<div style=\"height:70px\" aria-hidden=\"true\" class=\"wp-block-spacer\"><\/div>\n\n\n\n<h3 class=\"wp-block-heading\" id=\"decouvrez-le-charme-des-chambre-d-hotes\">D\u00e9couvrez le charme des chambre d&#8217;h\u00f4tes<\/h3>\n\n\n\n<hr class=\"wp-block-separator has-css-opacity\"\/>\n\n\n\n<p class=\"has-drop-cap\">Vous n&#8217;\u00eates pas \u00e0 l&#8217;h\u00f4tel, il n&#8217;y a que deux chambres, on est en famille. Vous n&#8217;\u00eates pas non plus dans une location, car tout est fourni. Am\u00e9lie fait le m\u00e9nage tous les jours. On vous propose <a href=\"https:\/\/cauterets.site\/panier-repas\/\">pique-nique le midi<\/a> et <a href=\"https:\/\/cauterets.site\/tabledhotes\/\">cuisine maison le soir<\/a>. Volontiers, nous <a href=\"https:\/\/cauterets.site\/rando-ou-activites\/\">vous conseillerons pour la r\u00e9ussite de votre s\u00e9jour<\/a>. Pour de vraies vacances, ou un week-end m\u00e9morable venez chez nous!<\/p>\n\n\n\n<p>A quelques pas du centre de Cauterets (15 minutes \u00e0 pied), vous reposez au milieu des montagnes et de la nature. Pr\u00eats \u00e0 explorer les alentours et \u00e0 en d\u00e9couvrir les merveilles, depuis votre chambre moderne et cosy.<\/p>\n\n\n\n<hr class=\"wp-block-separator has-css-opacity\"\/>\n\n\n\n<h3 class=\"wp-block-heading\" id=\"chambre-lady-lister\">Chambre Lady Lister<\/h3>\n\n\n\n<p class=\"has-large-font-size\"><a href=\"https:\/\/cauterets.site\/2020\/06\/chambre-ouest\/\"><img decoding=\"async\" width=\"700\" height=\"467\" class=\"wp-image-1052\" style=\"width: 700px;\" src=\"https:\/\/cauterets.site\/wp-content\/uploads\/2020\/07\/ch_ladylyster.jpg\" alt=\"\" srcset=\"https:\/\/cauterets.site\/wp-content\/uploads\/2020\/07\/ch_ladylyster.jpg 1000w, https:\/\/cauterets.site\/wp-content\/uploads\/2020\/07\/ch_ladylyster-300x200.jpg 300w, https:\/\/cauterets.site\/wp-content\/uploads\/2020\/07\/ch_ladylyster-768x512.jpg 768w\" sizes=\"(max-width: 700px) 100vw, 700px\" \/><\/a><\/p>\n\n\n\n<p>Orient\u00e9e ouest, avec vue sur le Cabaliros, un lit double et un lit simple. Salle de bains privative \u00e0 l&#8217;ext\u00e9rieur de la chambre.<\/p>\n\n\n\n<hr class=\"wp-block-separator has-css-opacity\"\/>\n\n\n\n<h3 class=\"wp-block-heading\" id=\"chambre-comte-russel\">Chambre Comte Russel<\/h3>\n\n\n\n<p class=\"has-large-font-size\"><a href=\"https:\/\/cauterets.site\/2020\/06\/chambre-est\/\"><img decoding=\"async\" width=\"700\" height=\"467\" class=\"wp-image-1053\" style=\"width: 700px;\" src=\"https:\/\/cauterets.site\/wp-content\/uploads\/2020\/07\/ch_russel.jpg\" alt=\"\" srcset=\"https:\/\/cauterets.site\/wp-content\/uploads\/2020\/07\/ch_russel.jpg 1000w, https:\/\/cauterets.site\/wp-content\/uploads\/2020\/07\/ch_russel-300x200.jpg 300w, https:\/\/cauterets.site\/wp-content\/uploads\/2020\/07\/ch_russel-768x512.jpg 768w\" sizes=\"(max-width: 700px) 100vw, 700px\" \/><\/a><\/p>\n\n\n\n<p>Orient\u00e9e est, avec vue sur le P\u00e9gu\u00e8re, un lit double et un lit simple. Salle de bains dans la chambre sans porte.<\/p>\n\n\n\n<p>(c<em>liquez sur l&#8217;image d&#8217;une chambre pour en voir les d\u00e9tails)<\/em><\/p>\n\n\n\n<hr class=\"wp-block-separator has-css-opacity\"\/>\n\n\n\n<h2 class=\"wp-block-heading\" id=\"suite-2-chambreslady-lister-et-comte-russel\">Suite 2 Chambres<br>Lady Lister et Comte Russel<\/h2>\n\n\n\n<figure class=\"wp-block-image size-large is-resized\"><a href=\"https:\/\/cauterets.site\/2020\/01\/suite-de-2-chambres\/\"><img decoding=\"async\" width=\"600\" height=\"450\" src=\"https:\/\/cauterets.site\/wp-content\/uploads\/2020\/09\/ClotDeLaHountArrivee.jpg\" alt=\"\" class=\"wp-image-1176\" style=\"width:537px;height:402px\" srcset=\"https:\/\/cauterets.site\/wp-content\/uploads\/2020\/09\/ClotDeLaHountArrivee.jpg 600w, https:\/\/cauterets.site\/wp-content\/uploads\/2020\/09\/ClotDeLaHountArrivee-300x225.jpg 300w, https:\/\/cauterets.site\/wp-content\/uploads\/2020\/09\/ClotDeLaHountArrivee-360x270.jpg 360w\" sizes=\"(max-width: 600px) 100vw, 600px\" \/><\/a><\/figure>\n\n\n\n<p>Louez les deux chambres \u00e0 la fois, et privatisez notre maison d&#8217;h\u00f4tes!<br>Venez prendre le bon air (et les eaux) de Cauterets entre amis, ou bien avec vos (grands) enfants.<\/p>\n\n\n\n<p>(c<em>liquez sur l&#8217;image du Clot de la Hount pour en savoir plus)<\/em><\/p>\n\n\n\n<hr class=\"wp-block-separator has-css-opacity\"\/>\n\n\n\n<a id=\"Infos\"><\/a>\n\n\n\n<h3 class=\"wp-block-heading\" id=\"informations-complementaires\">Informations compl\u00e9mentaires<\/h3>\n\n\n\n<p>La seule diff\u00e9rence notable entre les deux chambres est que la chambre Lady Lister (ouverte \u00e0 l&#8217;Ouest) a sa propre salle de bain s\u00e9par\u00e9e, sur le palier, tandis que la chambre Comte Russel (orient\u00e9e \u00e0 l&#8217;Est) donne acc\u00e8s \u00e0 sa salle de bain directement depuis la chambre &#8211; sans porte de s\u00e9paration. A vous de choisir celle que vous pr\u00e9f\u00e9rez, en fonction des disponibilit\u00e9s. Sinon le confort, la surface, la literie, les sanitaires, le wifi, les rangements et le mobilier sont comparables. Les deux chambres sont climatis\u00e9es pour votre confort \u00e9t\u00e9 comme hiver, en compl\u00e9ment de notre typique po\u00eale \u00e0 bois.<\/p>\n\n\n\n<p>Le plus simple est de <a href=\"https:\/\/cauterets.site\/reservez\/\">r\u00e9server en ligne sur notre site<\/a>. Annulation gratuite jusqu&#8217;\u00e0 un mois avant la date d&#8217;arriv\u00e9e (moins les \u00e9ventuels frais CB). Les d\u00eeners et pique-nique peuvent \u00eatre <a href=\"https:\/\/cauterets.site\/tarifs\/\">r\u00e9gl\u00e9s sur place<\/a> mais il faut r\u00e9server les tables d&#8217;h\u00f4tes au plus tard le lundi avant votre s\u00e9jour (Am\u00e9lie fait le march\u00e9 le mardi).<\/p>\n\n\n\n<p>Arriv\u00e9e \u00e0 partir de 16h, d\u00e9part jusqu\u2019\u00e0 11h. Suppl\u00e9ment en cas de d\u00e9part tardif.<\/p>\n\n\n\n<p>Vous aimez les transport en commun et doux? <a href=\"https:\/\/www.oui.sncf\/billet-train\" target=\"_blank\" rel=\"noreferrer noopener\">Si vous venez en train ou en bus<\/a>, nous viendrons vous chercher \u00e0 <a href=\"https:\/\/fr.wikipedia.org\/wiki\/Gare_de_Cauterets#Patrimoine_ferroviaire\" target=\"_blank\" rel=\"noreferrer noopener\">la gare de Cauterets<\/a>.<\/p>\n\n\n\n<p>Chaque chambre a un lit double Queen Size pour une ou deux personnes. Un lit simple peut \u00eatre utilis\u00e9 pour accueillir un enfant, avec un suppl\u00e9ment de 10\u20ac au moment de la r\u00e9servation. Pour trois ou quatre adultes ou grands adolescents, vous pouvez <a href=\"https:\/\/cauterets.site\/2020\/01\/suite-de-2-chambres\/\" data-type=\"post\" data-id=\"1579\">r\u00e9server nos deux chambres en suite<\/a>.<\/p>\n\n\n\n<p>Nos amis les animaux de compagnie ne sont pas admis. Puisque nous proposons <a href=\"https:\/\/cauterets.site\/tabledhotes\/\" data-type=\"page\" data-id=\"487\">la table d&#8217;h\u00f4tes<\/a>, il n&#8217;est pas possible de manger ou boire de l&#8217;alcool dans les chambres. Si besoin, nous vous aiderons pour r\u00e9server un restaurant \u00e0 Cauterets.<\/p>\n\n\n\n<p>Les chambres sont situ\u00e9es \u00e0 l&#8217;\u00e9tage, et sont accessibles uniquement par un escalier. Les salles de bain sont sous les toits, donc les h\u00f4tes les plus grands devront faire attention.<\/p>\n\n\n\n<p>Wifi haut-d\u00e9bit (fibre) gratuit dans chaque chambre. Abondante biblioth\u00e8que de vacances \u00e0 votre disposition: romans, BDs, pyr\u00e9n\u00e9isme et parc national.<\/p>\n\n\n\n<p>Retrouvez <a href=\"https:\/\/cauterets.site\/tarifs\/\">nos tarifs<\/a> pour cette ann\u00e9e.<\/p>\n\n\n\n<p class=\"has-text-align-left has-normal-font-size\"><br><\/p>\n","protected":false},"excerpt":{"rendered":"<p>We offer two bedrooms with private bathroom and mountain view. Enjoy Our Chambres d&#8217;h\u00f4tes We are no big hotel, since we only have two rooms. It is no rental apartment, since sheets and daily cleaning is included. We propose packed lunch for your daily excursions, and home-made kitchen on diner. We will be always available<\/p>\n<div class=\"\" ><a class=\"custom-btn book-sm\" href=\"https:\/\/cauterets.site\/en_gb\/chambres\/\"><i class=\"fa fa-chevron-circle-right\"><\/i>Read More<\/a><\/div>\n","protected":false},"author":2,"featured_media":1071,"parent":0,"menu_order":1,"comment_status":"closed","ping_status":"closed","template":"","meta":{"footnotes":""},"class_list":["post-484","page","type-page","status-publish","has-post-thumbnail","hentry"],"_links":{"self":[{"href":"https:\/\/cauterets.site\/en_gb\/wp-json\/wp\/v2\/pages\/484","targetHints":{"allow":["GET"]}}],"collection":[{"href":"https:\/\/cauterets.site\/en_gb\/wp-json\/wp\/v2\/pages"}],"about":[{"href":"https:\/\/cauterets.site\/en_gb\/wp-json\/wp\/v2\/types\/page"}],"author":[{"embeddable":true,"href":"https:\/\/cauterets.site\/en_gb\/wp-json\/wp\/v2\/users\/2"}],"replies":[{"embeddable":true,"href":"https:\/\/cauterets.site\/en_gb\/wp-json\/wp\/v2\/comments?post=484"}],"version-history":[{"count":142,"href":"https:\/\/cauterets.site\/en_gb\/wp-json\/wp\/v2\/pages\/484\/revisions"}],"predecessor-version":[{"id":7258,"href":"https:\/\/cauterets.site\/en_gb\/wp-json\/wp\/v2\/pages\/484\/revisions\/7258"}],"wp:featuredmedia":[{"embeddable":true,"href":"https:\/\/cauterets.site\/en_gb\/wp-json\/wp\/v2\/media\/1071"}],"wp:attachment":[{"href":"https:\/\/cauterets.site\/en_gb\/wp-json\/wp\/v2\/media?parent=484"}],"curies":[{"name":"wp","href":"https:\/\/api.w.org\/{rel}","templated":true}]}}