{"id":721,"date":"2020-06-11T22:14:42","date_gmt":"2020-06-11T20:14:42","guid":{"rendered":"https:\/\/cauterets.site\/?page_id=721"},"modified":"2026-01-23T16:05:46","modified_gmt":"2026-01-23T14:05:46","slug":"tarifs","status":"publish","type":"page","link":"https:\/\/cauterets.site\/de_de\/tarifs\/","title":{"rendered":"Preise"},"content":{"rendered":"\n<p><em>(tarifs 2026 publi\u00e9s \u00e0 titre indicatif &#8211; les prix varient <a href=\"https:\/\/cauterets.site\/reservez\/\">en fonction des dates<\/a>)<\/em><\/p>\n\n\n\n<hr class=\"wp-block-separator has-css-opacity\"\/>\n\n\n\n<h3 class=\"wp-block-heading\" id=\"chambres-d-hotes\">Chambres d&#8217;h\u00f4tes<\/h3>\n\n\n\n<p>Nous vous proposons <a href=\"https:\/\/cauterets.site\/chambres\/\">deux chambres<\/a> avec salle de bain privative. Le petit-d\u00e9jeuner, wifi, linge et m\u00e9nage quotidien sont compris.<br>En Haute Saison (d\u00e9c-mar, juil-sep): jusqu&#8217;\u00e0 180 \u20ac. En basse Saison (avr-juin, oct-nov): jusqu&#8217;\u00e0 140 \u20ac. Mais <a href=\"https:\/\/cauterets.site\/reservez\/\" data-type=\"page\" data-id=\"640\">nos prix sont souvent beaucoup plus doux<\/a>.<br>Pour un enfant en plus dans la chambre et son petit-d\u00e9jeuner: 10 \u20ac.<br>La taxe de s\u00e9jour municipale est de 1,15 \u20ac par adulte et par nuit.<br>Consultez les autres informations (r\u00e9servation, annulation, arriv\u00e9e, wifi, animaux) <a href=\"https:\/\/cauterets.site\/chambres\/#Infos\" data-type=\"link\" data-id=\"https:\/\/cauterets.site\/chambres\/#Infos\">sur notre page de pr\u00e9sentation des chambres<\/a>.<\/p>\n\n\n\n<hr class=\"wp-block-separator has-css-opacity\"\/>\n\n\n\n<h3 class=\"wp-block-heading\" id=\"table-d-hotes\">Table d&#8217;h\u00f4tes<\/h3>\n\n\n\n<p>Le soir, apr\u00e8s avoir profit\u00e9 du bon air, vous pouvez choisir un restaurant au village, ou juste mettre les pieds sous la <a href=\"https:\/\/cauterets.site\/tabledhotes\/\">table du march\u00e9<\/a> r\u00e9serv\u00e9e \u00e0 nos h\u00f4tes: nous vous proposons un menu du march\u00e9 (plat, fromage, dessert) de produits locaux, servi \u00e0 19h (le samedi \u00e0 20h), pour 25 \u20ac par personne. Boissons en sus.<br>N&#8217;oubliez pas de r\u00e9server les tables d&#8217;h\u00f4tes au plus tard le lundi avant votre s\u00e9jour, car mardi, c&#8217;est jour de march\u00e9 dans nos vall\u00e9es, et Am\u00e9lie tient \u00e0 vous proposer les meilleurs produits locaux!<\/p>\n\n\n\n<p>Pour vous simplifiez la vie, n&#8217;h\u00e9sitez pas \u00e0 nous demander la veille un <a href=\"https:\/\/cauterets.site\/panier-repas\/\">pique-nique<\/a> (sandwich\/chips\/cake\/jus) \u00e0 9 \u20ac pour votre d\u00e9jeuner. Notez que nous ne pouvons pas entreposer vos produits dans notre r\u00e9frig\u00e9rateur et que les frigos portatifs sont interdits chez nous.<\/p>\n\n\n\n<p>Nous vous proposons aussi des boissons sans alcool (1 \u00e0 2\u20ac), avec alcool (3 \u00e0 5 \u20ac). Carte des vins sur demande: une s\u00e9lection de vins locaux, pour tous les go\u00fbts et tous les prix (12 \u00e0 28 \u20ac). Les boissons sont servies au moment des repas uniquement.<\/p>\n\n\n\n<hr class=\"wp-block-separator has-css-opacity\"\/>\n\n\n\n<h3 class=\"wp-block-heading\">Conditions et Remboursements<\/h3>\n\n\n\n<p>La r\u00e9servation est effective apr\u00e8s paiement en ligne aupr\u00e8s de notre <a rel=\"noreferrer noopener\" href=\"https:\/\/stripe.com\/fr\/payments\" target=\"_blank\">partenaire Stripe<\/a>. Annulation possible sur demande jusqu&#8217;\u00e0 un mois avant la date d&#8217;arriv\u00e9e. Dans ce cas, <a rel=\"noreferrer noopener\" href=\"https:\/\/stripe.com\/docs\/refunds\" target=\"_blank\">les frais Stripe ne seront pas rembours\u00e9s<\/a> (les frais de carte bancaire et les \u00e9ventuels frais de conversion de devise). Si le remboursement a lieu imm\u00e9diatement apr\u00e8s le paiement, il est possible qu&#8217;aucun frais ne soit appliqu\u00e9 par Stripe.<\/p>\n\n\n\n<hr class=\"wp-block-separator has-alpha-channel-opacity\"\/>\n\n\n\n<p><em>Moyens de paiement accept\u00e9s sur place:<\/em><br><em>virement, liquide, PayPal<\/em><\/p>\n\n\n\n<p><\/p>\n","protected":false},"excerpt":{"rendered":"<p>(Preise nur zur Information ver\u00f6ffentlicht &#8211; variieren je nach Datum) Zimmer Zwei Schlafzimmer mit eigenem Bad.Hochsaison (Dez-Mar, Jul-Sep): 170 bis 180 \u20ac.Nebensaison (Apr-Jun, Oct-Nov): 130 bis 140 \u20ac.Kind im Zuschlag im Zimmer: 10 \u20ac.Fr\u00fchst\u00fcck, Wifi, bettw\u00e4sche und t\u00e4gliche reinigung inklusive.Kurtaxe zus\u00e4tzlich: pro erwachsener und pro nacht 1,15 \u20ac.Check-in: 4 P.M. Check-out 11 P.M. Table d&#8217;h\u00f4tes<\/p>\n<div class=\"\" ><a class=\"custom-btn book-sm\" href=\"https:\/\/cauterets.site\/de_de\/tarifs\/\"><i class=\"fa fa-chevron-circle-right\"><\/i>Read More<\/a><\/div>\n","protected":false},"author":2,"featured_media":1896,"parent":0,"menu_order":1,"comment_status":"closed","ping_status":"closed","template":"","meta":{"footnotes":""},"class_list":["post-721","page","type-page","status-publish","has-post-thumbnail","hentry"],"_links":{"self":[{"href":"https:\/\/cauterets.site\/de_de\/wp-json\/wp\/v2\/pages\/721","targetHints":{"allow":["GET"]}}],"collection":[{"href":"https:\/\/cauterets.site\/de_de\/wp-json\/wp\/v2\/pages"}],"about":[{"href":"https:\/\/cauterets.site\/de_de\/wp-json\/wp\/v2\/types\/page"}],"author":[{"embeddable":true,"href":"https:\/\/cauterets.site\/de_de\/wp-json\/wp\/v2\/users\/2"}],"replies":[{"embeddable":true,"href":"https:\/\/cauterets.site\/de_de\/wp-json\/wp\/v2\/comments?post=721"}],"version-history":[{"count":90,"href":"https:\/\/cauterets.site\/de_de\/wp-json\/wp\/v2\/pages\/721\/revisions"}],"predecessor-version":[{"id":7317,"href":"https:\/\/cauterets.site\/de_de\/wp-json\/wp\/v2\/pages\/721\/revisions\/7317"}],"wp:featuredmedia":[{"embeddable":true,"href":"https:\/\/cauterets.site\/de_de\/wp-json\/wp\/v2\/media\/1896"}],"wp:attachment":[{"href":"https:\/\/cauterets.site\/de_de\/wp-json\/wp\/v2\/media?parent=721"}],"curies":[{"name":"wp","href":"https:\/\/api.w.org\/{rel}","templated":true}]}}