{"id":640,"date":"2020-06-11T13:30:16","date_gmt":"2020-06-11T11:30:16","guid":{"rendered":"https:\/\/cauterets.site\/?page_id=640"},"modified":"2025-01-27T16:49:31","modified_gmt":"2025-01-27T14:49:31","slug":"reservez","status":"publish","type":"page","link":"https:\/\/cauterets.site\/de_de\/reservez\/","title":{"rendered":"Reservieren"},"content":{"rendered":"\n<h1 class=\"wp-block-heading\">R\u00e9servez votre chambre<\/h1>\n\n\n\n<p>Choisissez la date d&#8217;arriv\u00e9e souhait\u00e9e, puis la date de d\u00e9part. N&#8217;oubliez pas de pr\u00e9ciser le nombre de personnes adultes, qui sert \u00e0 calculer la taxe municipale. Vous pourrez par la suite ajouter un enfant (moins de 18 ans) qui occupera le lit simple de la chambre.<\/p>\n\n\n\n<p>Vous pouvez r\u00e9gler imm\u00e9diatement par carte bancaire <a rel=\"noreferrer noopener\" href=\"https:\/\/stripe.com\/fr\/customers\" target=\"_blank\">de mani\u00e8re s\u00e9curis\u00e9e<\/a>. N&#8217;h\u00e9sitez pas \u00e0 r\u00e9server \u00e0 l&#8217;avance: annulation possible et remboursement des sommes vers\u00e9es jusqu&#8217;\u00e0 un mois avant la date d&#8217;arriv\u00e9e, diminu\u00e9 des <a href=\"https:\/\/stripe.com\/docs\/refunds\" target=\"_blank\" rel=\"noreferrer noopener\">frais de carte bancaire<\/a> le cas \u00e9ch\u00e9ant.<\/p>\n\n\n\n<p>Visitez <a href=\"https:\/\/cauterets.site\/chambres#Infos\" data-type=\"link\" data-id=\"https:\/\/cauterets.site\/chambres#Infos\">la pr\u00e9sentation de nos chambres d&#8217;h\u00f4tes<\/a> et les conditions associ\u00e9es, ainsi que la liste de nos <a href=\"https:\/\/cauterets.site\/tarifs\/\">tarifs et conditions pour cette ann\u00e9e<\/a>. Pour la table d&#8217;h\u00f4tes, vous n&#8217;\u00eates pas oblig\u00e9s de choisir l&#8217;option maintenant: vous pourrez r\u00e9gler sur place &#8211; mais n&#8217;oubliez pas de nous r\u00e9server vos soirs de table d&#8217;h\u00f4tes le lundi pr\u00e9c\u00e9dent votre venue, car mardi, c&#8217;est jour de march\u00e9 dans nos vall\u00e9es.<\/p>\n\n\n\n<p>Si vous avez la moindre question, ou que vous rencontrez une difficult\u00e9 ou un doute pour le paiement en ligne, n&#8217;h\u00e9sitez pas \u00e0 nous contacter au 06 18 88 76 68.<\/p>\n\n\n\n<hr class=\"wp-block-separator has-css-opacity\"\/>\n\n\n\n<div class=\"wp-block-abc-shortcodes-booking-form\">\n\t<!-- Advanced Booking Calendar Booking Form - https:\/\/booking-calendar-plugin.com -->\n\t\n\t<div id=\"abc-form-wrapper\">\n\t\t<img decoding=\"async\" alt=\"Lade...\" src=\"https:\/\/cauterets.site\/wp-admin\/images\/wpspin_light.gif\" align=\"middle\" class=\"waiting\" id=\"abc_bookinform_loading\" style=\"display:none\" \/>\n\t\t<div id=\"abc-form-content\">\n\t\t\t<div class=\"abc-column\">\n\t\t\t\t<form class=\"abc-form\"  method=\"post\">\n\t\t\t\t\t<label for=\"abc-from\">Anreise<\/label>\n\t\t\t\t\t<div class=\"abc-input-fa\">\n\t\t\t\t\t\t<span class=\"fa fa-calendar\"><\/span>\n\t\t\t\t\t\t<input id=\"abc-from\" name=\"abc-from\" class=\"abc-from\" readonly=\"true\" value=\"\">\n\t\t\t\t\t<\/div>\n\t\t\t\t\t<label for=\"abc-to\">Abreise<\/label>\n\t\t\t\t\t<div class=\"abc-input-fa\">\n\t\t\t\t\t\t<span class=\"fa fa-calendar\"><\/span>\n\t\t\t\t\t\t<input id=\"abc-to\" name=\"abc-to\" class=\"abc-to\" readonly=\"true\" value=\"\">\n\t\t\t\t\t<\/div>\n\t\t\t<\/div>\n\t\t\t<div class=\"abc-column abc-form\">\n\t\t\t\t\t<label for=\"abc-persons\">Personen<\/label>\n\t\t\t\t\t\t<div class=\"abc-input-fa\">\n\t\t\t\t\t\t\t<span class=\"fa fa-female abc-guest1\"><\/span>\n\t\t\t\t\t\t\t<span class=\"fa fa-male abc-guest2\"><\/span>\n\t\t\t\t\t\t\t<select id=\"abc-persons\" name=\"abc-persons\">\n\t\t\t\t\t\t\t\t<option value=\"1\">1<\/option><option value=\"2\" selected>2<\/option><option value=\"3\">3<\/option><option value=\"4\">4<\/option>\n\t\t\t\t\t\t\t<\/select>\n\t\t\t\t\t\t<\/div>\n\t\t\t\t\t<input id=\"abcPostTrigger\" type=\"hidden\" name=\"abcPostTrigger\" value=\"0\">\n\t\t\t\t\t<input id=\"abcPostCalendarId\" type=\"hidden\" name=\"abcPostCalendarId\" value=\"2,3,4\">\n\t\t\t\t<\/form>\n\t\t\t<\/div>\n\t\t\t<div class=\"abc-form-row\">\n\t\t\t\t<button class=\"abc-submit\" id=\"abc-check-availabilities\"><span id=\"abc-submit-button\" class=\"abc-submit-text\">Verf\u00fcgbarkeiten pr\u00fcfen<\/span><span class=\"abc-submit-loading\" >Lade...<\/span><\/button>\n\t\t\t\t<button class=\"abc-submit\" id=\"abc-back-to-availabilities\" style=\"display: none;\"><span class=\"abc-submit-text\">Bearbeiten<\/span><\/button>\n\t\t\t<\/div>\n\t\t\t\t\t\t\n\t\t\t<div id=\"abc-bookingresults\"><\/div>\n\t\t<\/div>\n\t<\/div>\n\t\t<\/div>\n","protected":false},"excerpt":{"rendered":"<p>Reservieren Sie Ihr Zimmer W\u00e4hlen Sie das gew\u00fcnschte Ankunftsdatum und dann das R\u00fcckreisedatum. Vergessen Sie nicht, die Anzahl der Erwachsenen anzugeben. Sie k\u00f6nnen dann ein Kind (unter 18) hinzuf\u00fcgen, welches das Einzelbett im Schlafzimmer belegen wird. Sie k\u00f6nnen sofort und sicher per Kreditkarte bezahlen. Wir erstatten Ihnen den vollen Betrag, wenn Sie bis zu 30<\/p>\n<div class=\"\" ><a class=\"custom-btn book-sm\" href=\"https:\/\/cauterets.site\/de_de\/reservez\/\"><i class=\"fa fa-chevron-circle-right\"><\/i>Read More<\/a><\/div>\n","protected":false},"author":2,"featured_media":10,"parent":0,"menu_order":0,"comment_status":"closed","ping_status":"closed","template":"","meta":{"footnotes":""},"class_list":["post-640","page","type-page","status-publish","has-post-thumbnail","hentry"],"_links":{"self":[{"href":"https:\/\/cauterets.site\/de_de\/wp-json\/wp\/v2\/pages\/640","targetHints":{"allow":["GET"]}}],"collection":[{"href":"https:\/\/cauterets.site\/de_de\/wp-json\/wp\/v2\/pages"}],"about":[{"href":"https:\/\/cauterets.site\/de_de\/wp-json\/wp\/v2\/types\/page"}],"author":[{"embeddable":true,"href":"https:\/\/cauterets.site\/de_de\/wp-json\/wp\/v2\/users\/2"}],"replies":[{"embeddable":true,"href":"https:\/\/cauterets.site\/de_de\/wp-json\/wp\/v2\/comments?post=640"}],"version-history":[{"count":77,"href":"https:\/\/cauterets.site\/de_de\/wp-json\/wp\/v2\/pages\/640\/revisions"}],"predecessor-version":[{"id":6589,"href":"https:\/\/cauterets.site\/de_de\/wp-json\/wp\/v2\/pages\/640\/revisions\/6589"}],"wp:featuredmedia":[{"embeddable":true,"href":"https:\/\/cauterets.site\/de_de\/wp-json\/wp\/v2\/media\/10"}],"wp:attachment":[{"href":"https:\/\/cauterets.site\/de_de\/wp-json\/wp\/v2\/media?parent=640"}],"curies":[{"name":"wp","href":"https:\/\/api.w.org\/{rel}","templated":true}]}}