{"id":487,"date":"2020-06-10T21:49:47","date_gmt":"2020-06-10T19:49:47","guid":{"rendered":"https:\/\/cauterets.site\/?page_id=487"},"modified":"2025-12-31T19:55:16","modified_gmt":"2025-12-31T17:55:16","slug":"tabledhotes","status":"publish","type":"page","link":"https:\/\/cauterets.site\/de_de\/tabledhotes\/","title":{"rendered":"Table d&#8217;h\u00f4tes"},"content":{"rendered":"\n<p>Am\u00e9lie est aux fourneaux, et vous propose de d\u00e9couvrir une g\u00e9n\u00e9reuse cuisine maison avec des produits locaux et de saison &#8211; sur r\u00e9servation. Pour le midi, nous proposons des <a href=\"https:\/\/cauterets.site\/panier-repas\/\">pique-nique \u00e0 emporter<\/a>, sur demande la veille pour qu&#8217;Arnaud puisse chercher du pain frais le matin avec les croissants.<br><\/p>\n\n\n\n<h3 class=\"wp-block-heading\" id=\"pour-bien-commencer-la-journee\"><br>Bien commencer la journ\u00e9e<\/h3>\n\n\n\n<p>Le petit d\u00e9jeuner est toujours compris dans le prix de la chambre. Nous vous proposons tout ce qu&#8217;il vous faut pour faire le plein d&#8217;\u00e9nergie avant d&#8217;arpenter nos montages. De bons produits locaux, d\u00e8s que possible, pour bien d\u00e9marrer la journ\u00e9e. Intol\u00e9rants au lactose ou au gluten, pr\u00e9venez nous \u00e0 l&#8217;avance pour qu&#8217;Am\u00e9lie puisse vous faire plaisir.<\/p>\n\n\n\n<figure class=\"wp-block-image is-resized\"><img decoding=\"async\" src=\"https:\/\/cauterets.site\/wp-content\/uploads\/2020\/06\/PetitDejeuner.jpg\" alt=\"\" class=\"wp-image-578\" style=\"width:616px;height:462px\"\/><\/figure>\n\n\n\n<p>Le petit-d\u00e9jeuner est servi dans la salle commune de 8h \u00e0 10h, mais aussi aux aurores (sur demande 24h avant) pour les <a href=\"https:\/\/cauterets.site\/rando-ou-activites\/\">amoureux de la montagne<\/a>.<\/p>\n\n\n\n<div style=\"height:17px\" aria-hidden=\"true\" class=\"wp-block-spacer\"><\/div>\n\n\n\n<div class=\"wp-block-media-text alignwide is-stacked-on-mobile is-vertically-aligned-top\"><figure class=\"wp-block-media-text__media\"><img decoding=\"async\" width=\"1024\" height=\"768\" src=\"https:\/\/cauterets.site\/wp-content\/uploads\/2020\/06\/TerrasseCafe.jpg\" alt=\"\" class=\"wp-image-583 size-full\" srcset=\"https:\/\/cauterets.site\/wp-content\/uploads\/2020\/06\/TerrasseCafe.jpg 1024w, https:\/\/cauterets.site\/wp-content\/uploads\/2020\/06\/TerrasseCafe-300x225.jpg 300w, https:\/\/cauterets.site\/wp-content\/uploads\/2020\/06\/TerrasseCafe-768x576.jpg 768w, https:\/\/cauterets.site\/wp-content\/uploads\/2020\/06\/TerrasseCafe-360x270.jpg 360w\" sizes=\"(max-width: 1024px) 100vw, 1024px\" \/><\/figure><div class=\"wp-block-media-text__content\">\n<p><br><br>Le caf\u00e9 sur la terrasse avant de monter vers les pistes de ski.<\/p>\n<\/div><\/div>\n\n\n\n<h3 class=\"wp-block-heading\" id=\"votre-diner-au-clot-de-la-hount\"><br>La table d&#8217;h\u00f4tes d&#8217;Am\u00e9lie<\/h3>\n\n\n\n<p>De retour d&#8217;excursion ou des pistes, vous pourrez aller profiter des nombreux restaurants de Cauterets (15 minutes \u00e0 pied, id\u00e9al pour l&#8217;ap\u00e9ritif ou la digestion, conseils avec joie), ou bien rester \u00e0 notre table d&#8217;h\u00f4tes. Puisque nous proposons tous les repas et boissons qui les accompagnent, vous comprendrez qu&#8217;il n&#8217;est pas possible de manger ou boire vos propres victuailles dans les chambres ou parties communes. Nous ne mettons pas non plus vos denr\u00e9es dans notre frigo puisque nous vous proposons des pique-niques \u00e0 emporter. Ah oui aussi n&#8217;apportez pas votre frigo de voyage: ils sont interdits chez nous. Si vous avez un r\u00e9gime particulier, dites le nous \u00e0 l&#8217;avance pour que l&#8217;on se plie en 4 pour vous, Am\u00e9lie adore les challenges culinaires. Nous vous \u00e9non\u00e7ons ces petites r\u00e8gles de maison pour notre bien \u00eatre \u00e0 nous et nous vous demandons de nous respecter. De notre c\u00f4t\u00e9, nous nous engageons \u00e0 vous faire plaisir le plus possible.<\/p>\n\n\n\n<p>Am\u00e9lie vous concocte un savoureux menu, offrant plat du jour, fromages du pays et dessert maison, servi \u00e0 19h (20h le samedi), pour 25 \u20ac par personne (boissons en sus). Comme le mardi est le jour de march\u00e9 dans nos vall\u00e9es, nous vous demandons de r\u00e9server vos tables d&#8217;h\u00f4tes au plus tard le lundi avant votre arriv\u00e9e. N&#8217;attendez pas le dernier moment car c&#8217;est souvent trop tard! Am\u00e9lie fera le march\u00e9 tout expr\u00e8s pour vous, et accommodera de bons produits frais selon la saison et ses envies. N&#8217;h\u00e9sitez pas non plus \u00e0 nous faire part de vos \u00e9ventuelles intol\u00e9rances culinaires, lors de votre r\u00e9servation.<\/p>\n\n\n\n<figure class=\"wp-block-image size-full\"><img decoding=\"async\" width=\"640\" height=\"400\" src=\"https:\/\/cauterets.site\/wp-content\/uploads\/2023\/04\/TableEte.jpg\" alt=\"\" class=\"wp-image-5113\" srcset=\"https:\/\/cauterets.site\/wp-content\/uploads\/2023\/04\/TableEte.jpg 640w, https:\/\/cauterets.site\/wp-content\/uploads\/2023\/04\/TableEte-300x188.jpg 300w\" sizes=\"(max-width: 640px) 100vw, 640px\" \/><\/figure>\n\n\n\n<p>D\u00e9couvrez la truite des Pyr\u00e9n\u00e9es&#8230;<\/p>\n\n\n\n<figure class=\"wp-block-image size-full\"><img decoding=\"async\" width=\"526\" height=\"300\" src=\"https:\/\/cauterets.site\/wp-content\/uploads\/2023\/04\/Truite.jpg\" alt=\"\" class=\"wp-image-5112\" srcset=\"https:\/\/cauterets.site\/wp-content\/uploads\/2023\/04\/Truite.jpg 526w, https:\/\/cauterets.site\/wp-content\/uploads\/2023\/04\/Truite-300x171.jpg 300w\" sizes=\"(max-width: 526px) 100vw, 526px\" \/><\/figure>\n\n\n\n<p>ou une garbure royale apr\u00e8s la neige&#8230;<\/p>\n\n\n\n<figure class=\"wp-block-image size-full is-resized\"><img decoding=\"async\" width=\"352\" height=\"300\" src=\"https:\/\/cauterets.site\/wp-content\/uploads\/2023\/04\/GarbureRoyale.jpg\" alt=\"\" class=\"wp-image-5108\" style=\"width:352px;height:300px\" srcset=\"https:\/\/cauterets.site\/wp-content\/uploads\/2023\/04\/GarbureRoyale.jpg 352w, https:\/\/cauterets.site\/wp-content\/uploads\/2023\/04\/GarbureRoyale-300x256.jpg 300w\" sizes=\"(max-width: 352px) 100vw, 352px\" \/><\/figure>\n\n\n\n<p>ou plut\u00f4t une grande salade apr\u00e8s le soleil des montagnes&#8230;<\/p>\n\n\n\n<figure class=\"wp-block-image size-full is-resized\"><img decoding=\"async\" width=\"467\" height=\"350\" src=\"https:\/\/cauterets.site\/wp-content\/uploads\/2023\/04\/SaladeSaison.jpg\" alt=\"\" class=\"wp-image-5109\" style=\"width:426px;height:319px\" srcset=\"https:\/\/cauterets.site\/wp-content\/uploads\/2023\/04\/SaladeSaison.jpg 467w, https:\/\/cauterets.site\/wp-content\/uploads\/2023\/04\/SaladeSaison-300x225.jpg 300w, https:\/\/cauterets.site\/wp-content\/uploads\/2023\/04\/SaladeSaison-360x270.jpg 360w\" sizes=\"(max-width: 467px) 100vw, 467px\" \/><\/figure>\n\n\n\n<p>d\u00e9clin\u00e9e en fonction des go\u00fbts et du march\u00e9&#8230;<\/p>\n\n\n\n<figure class=\"wp-block-image size-full\"><img decoding=\"async\" width=\"400\" height=\"300\" src=\"https:\/\/cauterets.site\/wp-content\/uploads\/2023\/04\/SaladeCharcuterie.jpg\" alt=\"\" class=\"wp-image-5110\" srcset=\"https:\/\/cauterets.site\/wp-content\/uploads\/2023\/04\/SaladeCharcuterie.jpg 400w, https:\/\/cauterets.site\/wp-content\/uploads\/2023\/04\/SaladeCharcuterie-300x225.jpg 300w, https:\/\/cauterets.site\/wp-content\/uploads\/2023\/04\/SaladeCharcuterie-360x270.jpg 360w\" sizes=\"(max-width: 400px) 100vw, 400px\" \/><\/figure>\n\n\n\n<div style=\"height:17px\" aria-hidden=\"true\" class=\"wp-block-spacer\"><\/div>\n\n\n\n<div class=\"wp-block-media-text alignwide has-media-on-the-right is-stacked-on-mobile is-vertically-aligned-center\" style=\"grid-template-columns:auto 26%\"><div class=\"wp-block-media-text__content\">\n<p class=\"has-text-align-left has-normal-font-size\">Dans notre potager d&#8217;altitude, l&#8217;\u00e9t\u00e9 il y a des salades et tout plein d&#8217;herbes aromatiques pour agr\u00e9menter vos bons petits plats&#8230;<\/p>\n<\/div><figure class=\"wp-block-media-text__media\"><img decoding=\"async\" width=\"1024\" height=\"682\" src=\"https:\/\/cauterets.site\/wp-content\/uploads\/2021\/04\/SALADE_petit-fichier-1024x682.jpg\" alt=\"\" class=\"wp-image-1736 size-full\" srcset=\"https:\/\/cauterets.site\/wp-content\/uploads\/2021\/04\/SALADE_petit-fichier-1024x682.jpg 1024w, https:\/\/cauterets.site\/wp-content\/uploads\/2021\/04\/SALADE_petit-fichier-300x200.jpg 300w, https:\/\/cauterets.site\/wp-content\/uploads\/2021\/04\/SALADE_petit-fichier-768x512.jpg 768w, https:\/\/cauterets.site\/wp-content\/uploads\/2021\/04\/SALADE_petit-fichier.jpg 1280w\" sizes=\"(max-width: 1024px) 100vw, 1024px\" \/><\/figure><\/div>\n\n\n\n<div style=\"height:15px\" aria-hidden=\"true\" class=\"wp-block-spacer\"><\/div>\n\n\n\n<p>D\u00e9gustez les <a rel=\"noreferrer noopener\" href=\"https:\/\/www.facebook.com\/lafromagerieduhautacam\/\" target=\"_blank\">fromages fermiers<\/a> qui sont la passion de nos vall\u00e9es depuis plusieurs g\u00e9n\u00e9rations&#8230;<\/p>\n\n\n\n<figure class=\"wp-block-image size-full is-resized\"><img decoding=\"async\" width=\"731\" height=\"300\" src=\"https:\/\/cauterets.site\/wp-content\/uploads\/2023\/04\/ProducteurFermiers.jpg\" alt=\"\" class=\"wp-image-5105\" style=\"width:731px;height:300px\" srcset=\"https:\/\/cauterets.site\/wp-content\/uploads\/2023\/04\/ProducteurFermiers.jpg 731w, https:\/\/cauterets.site\/wp-content\/uploads\/2023\/04\/ProducteurFermiers-300x123.jpg 300w\" sizes=\"(max-width: 731px) 100vw, 731px\" \/><\/figure>\n\n\n\n<p>pour le plus grand plaisir des connaisseurs ou des n\u00e9ophytes!<\/p>\n\n\n\n<figure class=\"wp-block-image size-full\"><img decoding=\"async\" width=\"533\" height=\"300\" src=\"https:\/\/cauterets.site\/wp-content\/uploads\/2023\/04\/Fromages.jpg\" alt=\"\" class=\"wp-image-5106\" srcset=\"https:\/\/cauterets.site\/wp-content\/uploads\/2023\/04\/Fromages.jpg 533w, https:\/\/cauterets.site\/wp-content\/uploads\/2023\/04\/Fromages-300x169.jpg 300w\" sizes=\"(max-width: 533px) 100vw, 533px\" \/><\/figure>\n\n\n\n<p>Pour accompagner tous ces bons plats, Arnaud vous proposera une carte des vins \u00e0 petits prix (de 12 \u00e0 28\u20ac), faisant la part belle aux vins locaux (plusieurs Madiran et Saint Mont \u00e0 16\u20ac). A consommer avec mod\u00e9ration, mais d\u00e9lectation. Nous sommes tenus \u00e0 respecter la r\u00e9glementation de notre licence restaurant, donc vous ne pourrez pas consommer chez nous votre propre alcool, et nous ne pourrons vous en servir en dehors de la table d&#8217;h\u00f4tes.<\/p>\n\n\n\n<div class=\"wp-block-media-text alignwide has-media-on-the-right is-stacked-on-mobile is-vertically-aligned-center\"><div class=\"wp-block-media-text__content\">\n<p>&#8230; et terminez en beaut\u00e9<br>par un dessert maison simple et gourmand!<\/p>\n<\/div><figure class=\"wp-block-media-text__media\"><img decoding=\"async\" width=\"1024\" height=\"768\" src=\"https:\/\/cauterets.site\/wp-content\/uploads\/2021\/04\/tarte.jpg\" alt=\"\" class=\"wp-image-1737 size-full\" srcset=\"https:\/\/cauterets.site\/wp-content\/uploads\/2021\/04\/tarte.jpg 1024w, https:\/\/cauterets.site\/wp-content\/uploads\/2021\/04\/tarte-300x225.jpg 300w, https:\/\/cauterets.site\/wp-content\/uploads\/2021\/04\/tarte-768x576.jpg 768w, https:\/\/cauterets.site\/wp-content\/uploads\/2021\/04\/tarte-360x270.jpg 360w\" sizes=\"(max-width: 1024px) 100vw, 1024px\" \/><\/figure><\/div>\n\n\n\n<div style=\"height:17px\" aria-hidden=\"true\" class=\"wp-block-spacer\"><\/div>\n\n\n\n<figure class=\"wp-block-image size-full\"><img decoding=\"async\" width=\"467\" height=\"350\" src=\"https:\/\/cauterets.site\/wp-content\/uploads\/2023\/04\/DessertFraises.jpg\" alt=\"\" class=\"wp-image-5111\" srcset=\"https:\/\/cauterets.site\/wp-content\/uploads\/2023\/04\/DessertFraises.jpg 467w, https:\/\/cauterets.site\/wp-content\/uploads\/2023\/04\/DessertFraises-300x225.jpg 300w, https:\/\/cauterets.site\/wp-content\/uploads\/2023\/04\/DessertFraises-360x270.jpg 360w\" sizes=\"(max-width: 467px) 100vw, 467px\" \/><\/figure>\n","protected":false},"excerpt":{"rendered":"<p>Fr\u00fchst\u00fcck inklusive, Lunchpakete zum mitnehmen und typische Abendessen f\u00fcr Feinschmecker &#8211; nur mit frischen Saisonprodukten. Guten Appetit! In unserem garten gibt es salate, radieschen und viele aromatische kr\u00e4uter, um unsere guten kleinen gerichte zu dekorieren. Fr\u00fchst\u00fcck wird von 8 bis 10 Uhr serviert, aber can im Morgengrauen sein f\u00fcr Bergliebhaber. Kaffee auf der Terrasse vor<\/p>\n<div class=\"\" ><a class=\"custom-btn book-sm\" href=\"https:\/\/cauterets.site\/de_de\/tabledhotes\/\"><i class=\"fa fa-chevron-circle-right\"><\/i>Read More<\/a><\/div>\n","protected":false},"author":2,"featured_media":1088,"parent":0,"menu_order":1,"comment_status":"closed","ping_status":"closed","template":"","meta":{"footnotes":""},"class_list":["post-487","page","type-page","status-publish","has-post-thumbnail","hentry"],"_links":{"self":[{"href":"https:\/\/cauterets.site\/de_de\/wp-json\/wp\/v2\/pages\/487","targetHints":{"allow":["GET"]}}],"collection":[{"href":"https:\/\/cauterets.site\/de_de\/wp-json\/wp\/v2\/pages"}],"about":[{"href":"https:\/\/cauterets.site\/de_de\/wp-json\/wp\/v2\/types\/page"}],"author":[{"embeddable":true,"href":"https:\/\/cauterets.site\/de_de\/wp-json\/wp\/v2\/users\/2"}],"replies":[{"embeddable":true,"href":"https:\/\/cauterets.site\/de_de\/wp-json\/wp\/v2\/comments?post=487"}],"version-history":[{"count":155,"href":"https:\/\/cauterets.site\/de_de\/wp-json\/wp\/v2\/pages\/487\/revisions"}],"predecessor-version":[{"id":7262,"href":"https:\/\/cauterets.site\/de_de\/wp-json\/wp\/v2\/pages\/487\/revisions\/7262"}],"wp:featuredmedia":[{"embeddable":true,"href":"https:\/\/cauterets.site\/de_de\/wp-json\/wp\/v2\/media\/1088"}],"wp:attachment":[{"href":"https:\/\/cauterets.site\/de_de\/wp-json\/wp\/v2\/media?parent=487"}],"curies":[{"name":"wp","href":"https:\/\/api.w.org\/{rel}","templated":true}]}}