{"id":479,"date":"2020-06-10T21:39:38","date_gmt":"2020-06-10T19:39:38","guid":{"rendered":"https:\/\/cauterets.site\/?page_id=479"},"modified":"2025-12-10T22:41:54","modified_gmt":"2025-12-10T20:41:54","slug":"le-clot-de-la-hount-bb","status":"publish","type":"page","link":"https:\/\/cauterets.site\/de_de\/","title":{"rendered":"Le Clot de la Hount B&#038;B"},"content":{"rendered":"\n<p>Deux chambres d&#8217;h\u00f4tes au c\u0153ur des Hautes Pyr\u00e9n\u00e9es<\/p>\n\n\n\n<p><\/p>\n","protected":false},"excerpt":{"rendered":"<p>Zwei G\u00e4stezimmer in Cauterets im Herzen der Franz\u00f6sischen Pyren\u00e4en<\/p>\n","protected":false},"author":2,"featured_media":1761,"parent":0,"menu_order":0,"comment_status":"closed","ping_status":"closed","template":"","meta":{"footnotes":""},"class_list":["post-479","page","type-page","status-publish","has-post-thumbnail","hentry"],"_links":{"self":[{"href":"https:\/\/cauterets.site\/de_de\/wp-json\/wp\/v2\/pages\/479","targetHints":{"allow":["GET"]}}],"collection":[{"href":"https:\/\/cauterets.site\/de_de\/wp-json\/wp\/v2\/pages"}],"about":[{"href":"https:\/\/cauterets.site\/de_de\/wp-json\/wp\/v2\/types\/page"}],"author":[{"embeddable":true,"href":"https:\/\/cauterets.site\/de_de\/wp-json\/wp\/v2\/users\/2"}],"replies":[{"embeddable":true,"href":"https:\/\/cauterets.site\/de_de\/wp-json\/wp\/v2\/comments?post=479"}],"version-history":[{"count":14,"href":"https:\/\/cauterets.site\/de_de\/wp-json\/wp\/v2\/pages\/479\/revisions"}],"predecessor-version":[{"id":7197,"href":"https:\/\/cauterets.site\/de_de\/wp-json\/wp\/v2\/pages\/479\/revisions\/7197"}],"wp:featuredmedia":[{"embeddable":true,"href":"https:\/\/cauterets.site\/de_de\/wp-json\/wp\/v2\/media\/1761"}],"wp:attachment":[{"href":"https:\/\/cauterets.site\/de_de\/wp-json\/wp\/v2\/media?parent=479"}],"curies":[{"name":"wp","href":"https:\/\/api.w.org\/{rel}","templated":true}]}}