{"id":4032,"date":"2022-10-11T17:32:55","date_gmt":"2022-10-11T15:32:55","guid":{"rendered":"https:\/\/cauterets.site\/?page_id=4032"},"modified":"2022-12-24T19:18:06","modified_gmt":"2022-12-24T17:18:06","slug":"chalet-des-bergeries","status":"publish","type":"page","link":"https:\/\/cauterets.site\/de_de\/chalet-des-bergeries\/","title":{"rendered":"Chalet des Bergeries"},"content":{"rendered":"\n<p>Dans une r\u00e9sidence de petits chalets, louez votre petite maison avec balcon et jardin\/terrasse privatif. Id\u00e9al pour une famille avec 1 ou 2 enfants.<\/p>\n\n\n\n<p>Une grande pi\u00e8ce \u00e0 vivre au rez-de-chauss\u00e9e, avec une cuisine ouverte et un acc\u00e8s direct sur le jardin. Salle de bain avec douche, et WC s\u00e9par\u00e9s. A l&#8217;\u00e9tage, deux chambres, l&#8217;une avec lit simple et l&#8217;autre avec deux lits superpos\u00e9s. <\/p>\n\n\n\n<figure class=\"wp-block-image size-full\"><img decoding=\"async\" width=\"640\" height=\"480\" src=\"https:\/\/cauterets.site\/wp-content\/uploads\/2022\/12\/BergeriePieceVivre0.jpg\" alt=\"Pi\u00e8ce \u00e0 vivre au RDC avec tables bancs banquette\" class=\"wp-image-4543\" srcset=\"https:\/\/cauterets.site\/wp-content\/uploads\/2022\/12\/BergeriePieceVivre0.jpg 640w, https:\/\/cauterets.site\/wp-content\/uploads\/2022\/12\/BergeriePieceVivre0-300x225.jpg 300w, https:\/\/cauterets.site\/wp-content\/uploads\/2022\/12\/BergeriePieceVivre0-360x270.jpg 360w\" sizes=\"(max-width: 640px) 100vw, 640px\" \/><\/figure>\n\n\n\n<p>Chalet non mitoyen, dans une r\u00e9sidence calme, \u00e0 un kilom\u00e8tre des t\u00e9l\u00e9cabines et du centre ville. Navette gratuite (en saison) sur la rue Domer pour les t\u00e9l\u00e9cabines et le centre. Sinon comptez 15 minutes \u00e0 pied pour les t\u00e9l\u00e9cabines. Le Pont d&#8217;Espagne est \u00e0 15 minutes en voiture, Gavarnie \u00e0 45 minutes. L&#8217;acc\u00e8s au chalet se fait par un escalier ext\u00e9rieur d&#8217;une trentaine de marches.<\/p>\n\n\n\n<p>Le petit jardin vous permettra de prendre l&#8217;ap\u00e9ritif en \u00e9t\u00e9 (ou en hiver mais avec la doudoune), ou de laisser vos enfants ou votre ami \u00e0 quatre pattes prendre l&#8217;air.<\/p>\n\n\n\n<div class=\"wp-block-columns is-layout-flex wp-container-core-columns-is-layout-9d6595d7 wp-block-columns-is-layout-flex\">\n<div class=\"wp-block-column is-layout-flow wp-block-column-is-layout-flow\" style=\"flex-basis:100%\">\n<figure class=\"wp-block-gallery has-nested-images columns-3 is-cropped wp-block-gallery-1 is-layout-flex wp-block-gallery-is-layout-flex\">\n<figure class=\"wp-block-image size-full\"><img decoding=\"async\" width=\"640\" height=\"457\" data-id=\"4535\" src=\"https:\/\/cauterets.site\/wp-content\/uploads\/2022\/12\/PanoramaPieceAVivre.jpg\" alt=\"Coin repas et salon\" class=\"wp-image-4535\" srcset=\"https:\/\/cauterets.site\/wp-content\/uploads\/2022\/12\/PanoramaPieceAVivre.jpg 640w, https:\/\/cauterets.site\/wp-content\/uploads\/2022\/12\/PanoramaPieceAVivre-300x214.jpg 300w\" sizes=\"(max-width: 640px) 100vw, 640px\" \/><figcaption class=\"wp-element-caption\">Coin repas et pi\u00e8ce \u00e0 vivre<\/figcaption><\/figure>\n\n\n\n<figure class=\"wp-block-image size-full\"><img decoding=\"async\" width=\"480\" height=\"640\" data-id=\"4538\" src=\"https:\/\/cauterets.site\/wp-content\/uploads\/2022\/12\/BergeriePieceVivre3.jpg\" alt=\"Coin salon banquette table\" class=\"wp-image-4538\" srcset=\"https:\/\/cauterets.site\/wp-content\/uploads\/2022\/12\/BergeriePieceVivre3.jpg 480w, https:\/\/cauterets.site\/wp-content\/uploads\/2022\/12\/BergeriePieceVivre3-225x300.jpg 225w\" sizes=\"(max-width: 480px) 100vw, 480px\" \/><figcaption class=\"wp-element-caption\">Coin salon<\/figcaption><\/figure>\n\n\n\n<figure class=\"wp-block-image size-full\"><img decoding=\"async\" width=\"640\" height=\"480\" data-id=\"4542\" src=\"https:\/\/cauterets.site\/wp-content\/uploads\/2022\/12\/BergeriePieceVivre1.jpg\" alt=\"La cuisine avec vaisselier machine \u00e0 laver linge et vaisselle\" class=\"wp-image-4542\" srcset=\"https:\/\/cauterets.site\/wp-content\/uploads\/2022\/12\/BergeriePieceVivre1.jpg 640w, https:\/\/cauterets.site\/wp-content\/uploads\/2022\/12\/BergeriePieceVivre1-300x225.jpg 300w, https:\/\/cauterets.site\/wp-content\/uploads\/2022\/12\/BergeriePieceVivre1-360x270.jpg 360w\" sizes=\"(max-width: 640px) 100vw, 640px\" \/><figcaption class=\"wp-element-caption\">La cuisine<\/figcaption><\/figure>\n\n\n\n<figure class=\"wp-block-image size-full\"><img decoding=\"async\" width=\"640\" height=\"480\" data-id=\"4537\" src=\"https:\/\/cauterets.site\/wp-content\/uploads\/2022\/12\/BergeriePieceVivre4.jpg\" alt=\"Grille pain machine caf\u00e9 bouilloire frigo vaisselle\" class=\"wp-image-4537\" srcset=\"https:\/\/cauterets.site\/wp-content\/uploads\/2022\/12\/BergeriePieceVivre4.jpg 640w, https:\/\/cauterets.site\/wp-content\/uploads\/2022\/12\/BergeriePieceVivre4-300x225.jpg 300w, https:\/\/cauterets.site\/wp-content\/uploads\/2022\/12\/BergeriePieceVivre4-360x270.jpg 360w\" sizes=\"(max-width: 640px) 100vw, 640px\" \/><figcaption class=\"wp-element-caption\">Tout \u00e9quip\u00e9e<\/figcaption><\/figure>\n\n\n\n<figure class=\"wp-block-image size-full\"><img decoding=\"async\" width=\"480\" height=\"640\" data-id=\"4536\" src=\"https:\/\/cauterets.site\/wp-content\/uploads\/2022\/12\/BergeriePieceVivre5.jpg\" alt=\"Une porte donne directement du jardin \u00e0 la cuisine\" class=\"wp-image-4536\" srcset=\"https:\/\/cauterets.site\/wp-content\/uploads\/2022\/12\/BergeriePieceVivre5.jpg 480w, https:\/\/cauterets.site\/wp-content\/uploads\/2022\/12\/BergeriePieceVivre5-225x300.jpg 225w\" sizes=\"(max-width: 480px) 100vw, 480px\" \/><figcaption class=\"wp-element-caption\">Acc\u00e8s direct depuis la terrasse<\/figcaption><\/figure>\n\n\n\n<figure class=\"wp-block-image size-full\"><img decoding=\"async\" width=\"480\" height=\"640\" data-id=\"4541\" src=\"https:\/\/cauterets.site\/wp-content\/uploads\/2022\/12\/BergeriePieceVivre2.jpg\" alt=\"On monte \u00e0 l'\u00e9tage par un escalier\" class=\"wp-image-4541\" srcset=\"https:\/\/cauterets.site\/wp-content\/uploads\/2022\/12\/BergeriePieceVivre2.jpg 480w, https:\/\/cauterets.site\/wp-content\/uploads\/2022\/12\/BergeriePieceVivre2-225x300.jpg 225w\" sizes=\"(max-width: 480px) 100vw, 480px\" \/><figcaption class=\"wp-element-caption\">L&#8217;escalier<\/figcaption><\/figure>\n\n\n\n<figure class=\"wp-block-image size-full\"><img decoding=\"async\" width=\"480\" height=\"640\" data-id=\"4544\" src=\"https:\/\/cauterets.site\/wp-content\/uploads\/2022\/12\/BergerieMezzanine2.jpg\" alt=\"L'escalier est raide\" class=\"wp-image-4544\" srcset=\"https:\/\/cauterets.site\/wp-content\/uploads\/2022\/12\/BergerieMezzanine2.jpg 480w, https:\/\/cauterets.site\/wp-content\/uploads\/2022\/12\/BergerieMezzanine2-225x300.jpg 225w\" sizes=\"(max-width: 480px) 100vw, 480px\" \/><figcaption class=\"wp-element-caption\">\u00c7a monte<\/figcaption><\/figure>\n\n\n\n<figure class=\"wp-block-image size-full\"><img decoding=\"async\" width=\"450\" height=\"600\" data-id=\"4555\" src=\"https:\/\/cauterets.site\/wp-content\/uploads\/2022\/12\/BergerieChambreEnfants0.jpg\" alt=\"Chambre d'enfants en haut de l'ecalier\" class=\"wp-image-4555\" srcset=\"https:\/\/cauterets.site\/wp-content\/uploads\/2022\/12\/BergerieChambreEnfants0.jpg 450w, https:\/\/cauterets.site\/wp-content\/uploads\/2022\/12\/BergerieChambreEnfants0-225x300.jpg 225w\" sizes=\"(max-width: 450px) 100vw, 450px\" \/><figcaption class=\"wp-element-caption\">Entr\u00e9e de la chambre enfants<\/figcaption><\/figure>\n\n\n\n<figure class=\"wp-block-image size-full\"><img decoding=\"async\" width=\"480\" height=\"640\" data-id=\"4554\" src=\"https:\/\/cauterets.site\/wp-content\/uploads\/2022\/12\/BergerieChambreEnfants2.jpg\" alt=\"Lit superpos\u00e9 pour deux enfants avec \u00e9clairage individuel\" class=\"wp-image-4554\" srcset=\"https:\/\/cauterets.site\/wp-content\/uploads\/2022\/12\/BergerieChambreEnfants2.jpg 480w, https:\/\/cauterets.site\/wp-content\/uploads\/2022\/12\/BergerieChambreEnfants2-225x300.jpg 225w\" sizes=\"(max-width: 480px) 100vw, 480px\" \/><figcaption class=\"wp-element-caption\">Lit superpos\u00e9<\/figcaption><\/figure>\n\n\n\n<figure class=\"wp-block-image size-full\"><img decoding=\"async\" width=\"480\" height=\"640\" data-id=\"4534\" src=\"https:\/\/cauterets.site\/wp-content\/uploads\/2022\/12\/BergerieChambreEnfants3.jpg\" alt=\"Rangements dans la chambre d'enfants\" class=\"wp-image-4534\" srcset=\"https:\/\/cauterets.site\/wp-content\/uploads\/2022\/12\/BergerieChambreEnfants3.jpg 480w, https:\/\/cauterets.site\/wp-content\/uploads\/2022\/12\/BergerieChambreEnfants3-225x300.jpg 225w\" sizes=\"(max-width: 480px) 100vw, 480px\" \/><figcaption class=\"wp-element-caption\">S&#8217;endormir au pied du Vignemale<\/figcaption><\/figure>\n\n\n\n<figure class=\"wp-block-image size-full\"><img decoding=\"async\" width=\"526\" height=\"640\" data-id=\"4553\" src=\"https:\/\/cauterets.site\/wp-content\/uploads\/2022\/12\/BergerieMezzanine0.jpg\" alt=\"Une mezzanine avec un coin repos\/jeux et une console\" class=\"wp-image-4553\" srcset=\"https:\/\/cauterets.site\/wp-content\/uploads\/2022\/12\/BergerieMezzanine0.jpg 526w, https:\/\/cauterets.site\/wp-content\/uploads\/2022\/12\/BergerieMezzanine0-247x300.jpg 247w\" sizes=\"(max-width: 526px) 100vw, 526px\" \/><figcaption class=\"wp-element-caption\">Mezzanine et coin jeux<\/figcaption><\/figure>\n\n\n\n<figure class=\"wp-block-image size-full\"><img decoding=\"async\" width=\"480\" height=\"640\" data-id=\"4548\" src=\"https:\/\/cauterets.site\/wp-content\/uploads\/2022\/12\/BergerieChambreParentale4.jpg\" alt=\"Lit de la chambre parentale\" class=\"wp-image-4548\" srcset=\"https:\/\/cauterets.site\/wp-content\/uploads\/2022\/12\/BergerieChambreParentale4.jpg 480w, https:\/\/cauterets.site\/wp-content\/uploads\/2022\/12\/BergerieChambreParentale4-225x300.jpg 225w\" sizes=\"(max-width: 480px) 100vw, 480px\" \/><figcaption class=\"wp-element-caption\">Chambre parentale<\/figcaption><\/figure>\n\n\n\n<figure class=\"wp-block-image size-full\"><img decoding=\"async\" width=\"480\" height=\"640\" data-id=\"4549\" src=\"https:\/\/cauterets.site\/wp-content\/uploads\/2022\/12\/BergerieChambreParentale3.jpg\" alt=\"Depuis le lit, on voit la montagne par le balcon\" class=\"wp-image-4549\" srcset=\"https:\/\/cauterets.site\/wp-content\/uploads\/2022\/12\/BergerieChambreParentale3.jpg 480w, https:\/\/cauterets.site\/wp-content\/uploads\/2022\/12\/BergerieChambreParentale3-225x300.jpg 225w\" sizes=\"(max-width: 480px) 100vw, 480px\" \/><figcaption class=\"wp-element-caption\">Se reposer face \u00e0 la montagne<\/figcaption><\/figure>\n\n\n\n<figure class=\"wp-block-image size-full\"><img decoding=\"async\" width=\"480\" height=\"640\" data-id=\"4550\" src=\"https:\/\/cauterets.site\/wp-content\/uploads\/2022\/12\/BergerieChambreParentale2.jpg\" alt=\"Eclairages et prises individuelles sur le lit\" class=\"wp-image-4550\" srcset=\"https:\/\/cauterets.site\/wp-content\/uploads\/2022\/12\/BergerieChambreParentale2.jpg 480w, https:\/\/cauterets.site\/wp-content\/uploads\/2022\/12\/BergerieChambreParentale2-225x300.jpg 225w\" sizes=\"(max-width: 480px) 100vw, 480px\" \/><figcaption class=\"wp-element-caption\">Chacun sa lumi\u00e8re<\/figcaption><\/figure>\n\n\n\n<figure class=\"wp-block-image size-full\"><img decoding=\"async\" width=\"480\" height=\"640\" data-id=\"4546\" src=\"https:\/\/cauterets.site\/wp-content\/uploads\/2022\/12\/BergerieChambreParentale6.jpg\" alt=\"La porte donne acc\u00e8s \u00e0 la mezzanine\" class=\"wp-image-4546\" srcset=\"https:\/\/cauterets.site\/wp-content\/uploads\/2022\/12\/BergerieChambreParentale6.jpg 480w, https:\/\/cauterets.site\/wp-content\/uploads\/2022\/12\/BergerieChambreParentale6-225x300.jpg 225w\" sizes=\"(max-width: 480px) 100vw, 480px\" \/><figcaption class=\"wp-element-caption\">Acc\u00e8s Mezzanine<\/figcaption><\/figure>\n\n\n\n<figure class=\"wp-block-image size-full\"><img decoding=\"async\" width=\"480\" height=\"640\" data-id=\"4540\" src=\"https:\/\/cauterets.site\/wp-content\/uploads\/2022\/12\/BergerieSalleBain0.jpg\" alt=\"La salle de bain avec douche et lavabo\" class=\"wp-image-4540\" srcset=\"https:\/\/cauterets.site\/wp-content\/uploads\/2022\/12\/BergerieSalleBain0.jpg 480w, https:\/\/cauterets.site\/wp-content\/uploads\/2022\/12\/BergerieSalleBain0-225x300.jpg 225w\" sizes=\"(max-width: 480px) 100vw, 480px\" \/><figcaption class=\"wp-element-caption\">La salle de bain<\/figcaption><\/figure>\n\n\n\n<figure class=\"wp-block-image size-full\"><img decoding=\"async\" width=\"640\" height=\"480\" data-id=\"4539\" src=\"https:\/\/cauterets.site\/wp-content\/uploads\/2022\/12\/BergerieSalleBain1.jpg\" alt=\"Gros plan sur le miroir de la salle de bain\" class=\"wp-image-4539\" srcset=\"https:\/\/cauterets.site\/wp-content\/uploads\/2022\/12\/BergerieSalleBain1.jpg 640w, https:\/\/cauterets.site\/wp-content\/uploads\/2022\/12\/BergerieSalleBain1-300x225.jpg 300w, https:\/\/cauterets.site\/wp-content\/uploads\/2022\/12\/BergerieSalleBain1-360x270.jpg 360w\" sizes=\"(max-width: 640px) 100vw, 640px\" \/><figcaption class=\"wp-element-caption\">Miroir, joli miroir,<br>qui est le plus beau sur les pistes?<\/figcaption><\/figure>\n\n\n\n<figure class=\"wp-block-image size-full\"><img decoding=\"async\" width=\"480\" height=\"640\" data-id=\"4556\" src=\"https:\/\/cauterets.site\/wp-content\/uploads\/2022\/12\/BergerieSalleBain2.jpg\" alt=\"WC s\u00e9par\u00e9s avec joli tableau de Cauterets\" class=\"wp-image-4556\" srcset=\"https:\/\/cauterets.site\/wp-content\/uploads\/2022\/12\/BergerieSalleBain2.jpg 480w, https:\/\/cauterets.site\/wp-content\/uploads\/2022\/12\/BergerieSalleBain2-225x300.jpg 225w\" sizes=\"(max-width: 480px) 100vw, 480px\" \/><figcaption class=\"wp-element-caption\">Lieu d&#8217;aisance<br>s\u00e9par\u00e9 et d\u00e9cor\u00e9 \ud83d\ude09<\/figcaption><\/figure>\n<\/figure>\n<\/div>\n<\/div>\n\n\n\n<p>Appartement \u00e9quip\u00e9 avec lave-vaisselle, lave-linge, plaques, micro-onde, cafeti\u00e8re, petit \u00e9lectro-m\u00e9nager. T\u00e9l\u00e9vision et wifi gratuits.<\/p>\n\n\n\n<p>Linge de lit, serviettes et m\u00e9nage en suppl\u00e9ment. Parking gratuit \u00e0 l&#8217;entr\u00e9e de la r\u00e9sidence. <\/p>\n\n\n\n<p>Une caution de 200\u20ac en liquide est demand\u00e9e \u00e0 votre arriv\u00e9e. Elle vous sera remise apr\u00e8s l&#8217;\u00e9tat des lieux.<\/p>\n\n\n\n<p>Nos amis les animaux sont accept\u00e9s dans le chalet. Merci de nous pr\u00e9venir pour leur faire le meilleur accueil.<\/p>\n\n\n\n<hr class=\"wp-block-separator has-alpha-channel-opacity\"\/>\n\n\n\n<p>\u00c7a vous pla\u00eet?<br>Si vous h\u00e9sitez encore, regardez <a href=\"https:\/\/cauterets.site\/triplex-ideal-famille\/\">notre appartement en ville<\/a>, ou nos <a href=\"https:\/\/cauterets.site\/chambres\/\">chambres d&#8217;h\u00f4tes<\/a>.<br>Si oui, alors choisissez les dates qui vous arrangent!<\/p>\n\n\n\n<div class=\"wp-block-abc-shortcodes-single-calendar\">\n\t\t\t\t<div class=\"abc-singlecalendar\" data-checkin-69f2c5fc37abf=\"0\" data-offset-69f2c5fc37abf=\"0\" data-month-69f2c5fc37abf=\"0\" id=\"abc_singlecalendar_69f2c5fc37abf\">\n\t\t\t\t\t<div class=\"abc-box abc-single-row\">\n\t\t\t\t\t\t<div data-calendar=\"6\" data-id=\"69f2c5fc37abf\" class=\"abc-box abc-button abc-single-button-left\">\n\t\t\t\t\t\t\t<button class=\"fa fa-chevron-left abc-button-rl\"><\/button>\n\t\t\t\t\t\t<\/div>\n\t\t\t\t\t\t<div class=\"abc-box abc-month\">\n\t\t\t\t\t\t\t<img decoding=\"async\" alt=\"Lade...\" src=\"https:\/\/cauterets.site\/wp-admin\/images\/wpspin_light.gif\" class=\"waiting\" id=\"abc_single_loading-69f2c5fc37abf\" style=\"display:none\" \/><span id=\"singlecalendar-month-69f2c5fc37abf\">April 2026<\/span><\/div>\n\t\t\t\t\t\t\t<div data-calendar=\"6\" data-id=\"69f2c5fc37abf\" class=\"abc-box abc-button abc-single-button-right\">\n\t\t\t\t\t\t\t\t<button class=\"fa fa-chevron-right abc-button-rl\"><\/button>\n\t\t\t\t\t\t<\/div>\n\t\t\t\t\t<\/div>\n\t\t\t\t\t<div class=\"abc-box abc-single-row\">\n\t\t\t\t\t<div class=\"abc-box abc-col-day abc-dayname\">Mo<\/div>\n\t\t\t\t\t<div class=\"abc-box abc-col-day abc-dayname abc-dotted\">Di<\/div>\n\t\t\t\t\t<div class=\"abc-box abc-col-day abc-dayname abc-dotted\">Mi<\/div>\n\t\t\t\t\t<div class=\"abc-box abc-col-day abc-dayname abc-dotted\">Do<\/div>\n\t\t\t\t\t<div class=\"abc-box abc-col-day abc-dayname abc-dotted\">Fr<\/div>\n\t\t\t\t\t<div class=\"abc-box abc-col-day abc-dayname abc-dotted\">Sa<\/div>\n\t\t\t\t\t<div class=\"abc-box abc-col-day abc-dayname abc-dotted\">So<\/div>\n\t\t\t\t\t<\/div>\n\t\t\t\t\t<div id=\"abc-calendar-days-69f2c5fc37abf\">\n\t\t\t\t\t\t<div class=\"abc-box abc-single-row\"><div class=\"abc-box abc-col-day \">&nbsp;<\/div><div class=\"abc-box abc-col-day abc-dotted \">&nbsp;<\/div><div title=\"\" data-calendar=\"6\" data-id=\"69f2c5fc37abf\" data-date=\"2026-04-01\" class=\"abc-box abc-col-day abc-dotted abc-past abc-date-item \" id=\"abc-day-69f2c5fc37abf2026-04-01\">1<br \/><span class=\"abc-single-price\"><\/span><\/div><div title=\"\" data-calendar=\"6\" data-id=\"69f2c5fc37abf\" data-date=\"2026-04-02\" class=\"abc-box abc-col-day abc-dotted abc-past abc-date-item \" id=\"abc-day-69f2c5fc37abf2026-04-02\">2<br \/><span class=\"abc-single-price\"><\/span><\/div><div title=\"\" data-calendar=\"6\" data-id=\"69f2c5fc37abf\" data-date=\"2026-04-03\" class=\"abc-box abc-col-day abc-dotted abc-past abc-date-item \" id=\"abc-day-69f2c5fc37abf2026-04-03\">3<br \/><span class=\"abc-single-price\"><\/span><\/div><div title=\"\" data-calendar=\"6\" data-id=\"69f2c5fc37abf\" data-date=\"2026-04-04\" class=\"abc-box abc-col-day abc-dotted abc-past abc-date-item \" id=\"abc-day-69f2c5fc37abf2026-04-04\">4<br \/><span class=\"abc-single-price\"><\/span><\/div><div title=\"\" data-calendar=\"6\" data-id=\"69f2c5fc37abf\" data-date=\"2026-04-05\" class=\"abc-box abc-col-day abc-dotted abc-past abc-date-item \" id=\"abc-day-69f2c5fc37abf2026-04-05\">5<br \/><span class=\"abc-single-price\"><\/span><\/div><\/div><div class=\"abc-box abc-single-row\"><div title=\"\" data-calendar=\"6\" data-id=\"69f2c5fc37abf\" data-date=\"2026-04-06\" class=\"abc-box abc-col-day abc-past abc-date-item \" id=\"abc-day-69f2c5fc37abf2026-04-06\">6<br \/><span class=\"abc-single-price\"><\/span><\/div><div title=\"\" data-calendar=\"6\" data-id=\"69f2c5fc37abf\" data-date=\"2026-04-07\" class=\"abc-box abc-col-day abc-dotted abc-past abc-date-item \" id=\"abc-day-69f2c5fc37abf2026-04-07\">7<br \/><span class=\"abc-single-price\"><\/span><\/div><div title=\"\" data-calendar=\"6\" data-id=\"69f2c5fc37abf\" data-date=\"2026-04-08\" class=\"abc-box abc-col-day abc-dotted abc-past abc-date-item \" id=\"abc-day-69f2c5fc37abf2026-04-08\">8<br \/><span class=\"abc-single-price\"><\/span><\/div><div title=\"\" data-calendar=\"6\" data-id=\"69f2c5fc37abf\" data-date=\"2026-04-09\" class=\"abc-box abc-col-day abc-dotted abc-past abc-date-item \" id=\"abc-day-69f2c5fc37abf2026-04-09\">9<br \/><span class=\"abc-single-price\"><\/span><\/div><div title=\"\" data-calendar=\"6\" data-id=\"69f2c5fc37abf\" data-date=\"2026-04-10\" class=\"abc-box abc-col-day abc-dotted abc-past abc-date-item \" id=\"abc-day-69f2c5fc37abf2026-04-10\">10<br \/><span class=\"abc-single-price\"><\/span><\/div><div title=\"\" data-calendar=\"6\" data-id=\"69f2c5fc37abf\" data-date=\"2026-04-11\" class=\"abc-box abc-col-day abc-dotted abc-past abc-date-item \" id=\"abc-day-69f2c5fc37abf2026-04-11\">11<br \/><span class=\"abc-single-price\"><\/span><\/div><div title=\"\" data-calendar=\"6\" data-id=\"69f2c5fc37abf\" data-date=\"2026-04-12\" class=\"abc-box abc-col-day abc-dotted abc-past abc-date-item \" id=\"abc-day-69f2c5fc37abf2026-04-12\">12<br \/><span class=\"abc-single-price\"><\/span><\/div><\/div><div class=\"abc-box abc-single-row\"><div title=\"\" data-calendar=\"6\" data-id=\"69f2c5fc37abf\" data-date=\"2026-04-13\" class=\"abc-box abc-col-day abc-past abc-date-item \" id=\"abc-day-69f2c5fc37abf2026-04-13\">13<br \/><span class=\"abc-single-price\"><\/span><\/div><div title=\"\" data-calendar=\"6\" data-id=\"69f2c5fc37abf\" data-date=\"2026-04-14\" class=\"abc-box abc-col-day abc-dotted abc-past abc-date-item \" id=\"abc-day-69f2c5fc37abf2026-04-14\">14<br \/><span class=\"abc-single-price\"><\/span><\/div><div title=\"\" data-calendar=\"6\" data-id=\"69f2c5fc37abf\" data-date=\"2026-04-15\" class=\"abc-box abc-col-day abc-dotted abc-past abc-date-item \" id=\"abc-day-69f2c5fc37abf2026-04-15\">15<br \/><span class=\"abc-single-price\"><\/span><\/div><div title=\"\" data-calendar=\"6\" data-id=\"69f2c5fc37abf\" data-date=\"2026-04-16\" class=\"abc-box abc-col-day abc-dotted abc-past abc-date-item \" id=\"abc-day-69f2c5fc37abf2026-04-16\">16<br \/><span class=\"abc-single-price\"><\/span><\/div><div title=\"\" data-calendar=\"6\" data-id=\"69f2c5fc37abf\" data-date=\"2026-04-17\" class=\"abc-box abc-col-day abc-dotted abc-past abc-date-item \" id=\"abc-day-69f2c5fc37abf2026-04-17\">17<br \/><span class=\"abc-single-price\"><\/span><\/div><div title=\"\" data-calendar=\"6\" data-id=\"69f2c5fc37abf\" data-date=\"2026-04-18\" class=\"abc-box abc-col-day abc-dotted abc-past abc-date-item \" id=\"abc-day-69f2c5fc37abf2026-04-18\">18<br \/><span class=\"abc-single-price\"><\/span><\/div><div title=\"\" data-calendar=\"6\" data-id=\"69f2c5fc37abf\" data-date=\"2026-04-19\" class=\"abc-box abc-col-day abc-dotted abc-past abc-date-item \" id=\"abc-day-69f2c5fc37abf2026-04-19\">19<br \/><span class=\"abc-single-price\"><\/span><\/div><\/div><div class=\"abc-box abc-single-row\"><div title=\"\" data-calendar=\"6\" data-id=\"69f2c5fc37abf\" data-date=\"2026-04-20\" class=\"abc-box abc-col-day abc-past abc-date-item \" id=\"abc-day-69f2c5fc37abf2026-04-20\">20<br \/><span class=\"abc-single-price\"><\/span><\/div><div title=\"\" data-calendar=\"6\" data-id=\"69f2c5fc37abf\" data-date=\"2026-04-21\" class=\"abc-box abc-col-day abc-dotted abc-past abc-date-item \" id=\"abc-day-69f2c5fc37abf2026-04-21\">21<br \/><span class=\"abc-single-price\"><\/span><\/div><div title=\"\" data-calendar=\"6\" data-id=\"69f2c5fc37abf\" data-date=\"2026-04-22\" class=\"abc-box abc-col-day abc-dotted abc-past abc-date-item \" id=\"abc-day-69f2c5fc37abf2026-04-22\">22<br \/><span class=\"abc-single-price\"><\/span><\/div><div title=\"\" data-calendar=\"6\" data-id=\"69f2c5fc37abf\" data-date=\"2026-04-23\" class=\"abc-box abc-col-day abc-dotted abc-past abc-date-item \" id=\"abc-day-69f2c5fc37abf2026-04-23\">23<br \/><span class=\"abc-single-price\"><\/span><\/div><div title=\"\" data-calendar=\"6\" data-id=\"69f2c5fc37abf\" data-date=\"2026-04-24\" class=\"abc-box abc-col-day abc-dotted abc-past abc-date-item \" id=\"abc-day-69f2c5fc37abf2026-04-24\">24<br \/><span class=\"abc-single-price\"><\/span><\/div><div title=\"\" data-calendar=\"6\" data-id=\"69f2c5fc37abf\" data-date=\"2026-04-25\" class=\"abc-box abc-col-day abc-dotted abc-past abc-date-item \" id=\"abc-day-69f2c5fc37abf2026-04-25\">25<br \/><span class=\"abc-single-price\"><\/span><\/div><div title=\"\" data-calendar=\"6\" data-id=\"69f2c5fc37abf\" data-date=\"2026-04-26\" class=\"abc-box abc-col-day abc-dotted abc-past abc-date-item \" id=\"abc-day-69f2c5fc37abf2026-04-26\">26<br \/><span class=\"abc-single-price\"><\/span><\/div><\/div><div class=\"abc-box abc-single-row\"><div title=\"\" data-calendar=\"6\" data-id=\"69f2c5fc37abf\" data-date=\"2026-04-27\" class=\"abc-box abc-col-day abc-past abc-date-item \" id=\"abc-day-69f2c5fc37abf2026-04-27\">27<br \/><span class=\"abc-single-price\"><\/span><\/div><div title=\"\" data-calendar=\"6\" data-id=\"69f2c5fc37abf\" data-date=\"2026-04-28\" class=\"abc-box abc-col-day abc-dotted abc-past abc-date-item \" id=\"abc-day-69f2c5fc37abf2026-04-28\">28<br \/><span class=\"abc-single-price\"><\/span><\/div><div title=\"\" data-calendar=\"6\" data-id=\"69f2c5fc37abf\" data-date=\"2026-04-29\" class=\"abc-box abc-col-day abc-dotted abc-past abc-date-item \" id=\"abc-day-69f2c5fc37abf2026-04-29\">29<br \/><span class=\"abc-single-price\"><\/span><\/div><div title=\"Verf\u00fcgbar:\n30\/04\/2026: 110 \u20ac\" data-calendar=\"6\" data-id=\"69f2c5fc37abf\" data-date=\"2026-04-30\" class=\"abc-box abc-col-day abc-dotted abc-avail abc-date-selector abc-date-item \" id=\"abc-day-69f2c5fc37abf2026-04-30\">30<br \/><span class=\"abc-single-price\">110 \u20ac<\/span><\/div><\/div>\n\t\t\t\t\t<\/div><div class=\"abc-single-legend\">\n\t\t\t\t\t\t\t\t\t\t\t<span class=\"fa fa-square-o abc-single-legend-available\"><\/span>\n\t\t\t\t\t\t\t\t\t\t\tVerf\u00fcgbar<span class=\"fa fa-square abc-single-legend-fully\"><\/span>\n\t\t\t\t\t\t\t\t\t\tAusgebucht\n\t\t\t\t\t\t\t\t\t\t<\/div><div id=\"abc-booking-69f2c5fc37abf\" class=\"abc-booking-selection\">\n\t\t\t\t\t<\/div>\n\t\t\t\t<\/div><\/div>\n","protected":false},"excerpt":{"rendered":"","protected":false},"author":2,"featured_media":4668,"parent":0,"menu_order":0,"comment_status":"closed","ping_status":"closed","template":"","meta":{"footnotes":""},"class_list":["post-4032","page","type-page","status-publish","has-post-thumbnail","hentry"],"_links":{"self":[{"href":"https:\/\/cauterets.site\/de_de\/wp-json\/wp\/v2\/pages\/4032","targetHints":{"allow":["GET"]}}],"collection":[{"href":"https:\/\/cauterets.site\/de_de\/wp-json\/wp\/v2\/pages"}],"about":[{"href":"https:\/\/cauterets.site\/de_de\/wp-json\/wp\/v2\/types\/page"}],"author":[{"embeddable":true,"href":"https:\/\/cauterets.site\/de_de\/wp-json\/wp\/v2\/users\/2"}],"replies":[{"embeddable":true,"href":"https:\/\/cauterets.site\/de_de\/wp-json\/wp\/v2\/comments?post=4032"}],"version-history":[{"count":14,"href":"https:\/\/cauterets.site\/de_de\/wp-json\/wp\/v2\/pages\/4032\/revisions"}],"predecessor-version":[{"id":4671,"href":"https:\/\/cauterets.site\/de_de\/wp-json\/wp\/v2\/pages\/4032\/revisions\/4671"}],"wp:featuredmedia":[{"embeddable":true,"href":"https:\/\/cauterets.site\/de_de\/wp-json\/wp\/v2\/media\/4668"}],"wp:attachment":[{"href":"https:\/\/cauterets.site\/de_de\/wp-json\/wp\/v2\/media?parent=4032"}],"curies":[{"name":"wp","href":"https:\/\/api.w.org\/{rel}","templated":true}]}}