{"id":4031,"date":"2022-10-11T17:32:29","date_gmt":"2022-10-11T15:32:29","guid":{"rendered":"https:\/\/cauterets.site\/?page_id=4031"},"modified":"2025-11-21T16:07:55","modified_gmt":"2025-11-21T14:07:55","slug":"triplex-ideal-famille","status":"publish","type":"page","link":"https:\/\/cauterets.site\/de_de\/triplex-ideal-famille\/","title":{"rendered":"Triplex Id\u00e9al Famille"},"content":{"rendered":"\n<p>Notre appartement de famille qui devient le v\u00f4tre le temps des vacances. <\/p>\n\n\n\n<p>Un Triplex d&#8217;une grande surface et d&#8217;un grand volume (ce qui est plut\u00f4t rare \u00e0 Cauterets), avec une chambre parentale ferm\u00e9e, et deux mezzanines (les enfants adorent!) avec deux lits superpos\u00e9s et deux lits simples. Petite cuisin\u00e9e s\u00e9par\u00e9e, et salle de bain avec baignoire. WC s\u00e9par\u00e9s. Balcon au calme, avec vue sur la montagne et les &#8220;\u0153ufs&#8221;. Au deuxi\u00e8me \u00e9tage par escalier. Id\u00e9al pour un s\u00e9jour \u00e0 la montagne en famille, \u00e9t\u00e9 comme hiver.<\/p>\n\n\n\n<figure class=\"wp-block-image size-full\"><img decoding=\"async\" width=\"640\" height=\"480\" src=\"https:\/\/cauterets.site\/wp-content\/uploads\/2022\/10\/MV-ext.jpg\" alt=\"\" class=\"wp-image-4058\" srcset=\"https:\/\/cauterets.site\/wp-content\/uploads\/2022\/10\/MV-ext.jpg 640w, https:\/\/cauterets.site\/wp-content\/uploads\/2022\/10\/MV-ext-300x225.jpg 300w, https:\/\/cauterets.site\/wp-content\/uploads\/2022\/10\/MV-ext-360x270.jpg 360w\" sizes=\"(max-width: 640px) 100vw, 640px\" \/><\/figure>\n\n\n\n<p>Appartement dans une r\u00e9sidence calme, tout proche du centre ville. Tout se fait \u00e0 pied. Navette gratuite (en saison) en bas de la rue Scellier Sepet pour les t\u00e9l\u00e9cabines et le centre. Sinon comptez 15 minutes \u00e0 pied pour les t\u00e9l\u00e9cabines. Le Pont d&#8217;Espagne est \u00e0 15 minutes en voiture.<\/p>\n\n\n\n<p>Appartement \u00e9quip\u00e9 avec lave-vaisselle, lave-linge, four, plaques, micro-onde, cafeti\u00e8re filtre et capsule, petit \u00e9lectro-m\u00e9nager. Grande t\u00e9l\u00e9vision, box Internet, wifi.<\/p>\n\n\n\n<figure class=\"wp-block-gallery has-nested-images columns-default is-cropped wp-block-gallery-1 is-layout-flex wp-block-gallery-is-layout-flex\">\n<figure class=\"wp-block-image size-full\"><img decoding=\"async\" width=\"640\" height=\"480\" data-id=\"4044\" src=\"https:\/\/cauterets.site\/wp-content\/uploads\/2022\/10\/MV-sal7.jpg\" alt=\"\" class=\"wp-image-4044\" srcset=\"https:\/\/cauterets.site\/wp-content\/uploads\/2022\/10\/MV-sal7.jpg 640w, https:\/\/cauterets.site\/wp-content\/uploads\/2022\/10\/MV-sal7-300x225.jpg 300w, https:\/\/cauterets.site\/wp-content\/uploads\/2022\/10\/MV-sal7-360x270.jpg 360w\" sizes=\"(max-width: 640px) 100vw, 640px\" \/><figcaption class=\"wp-element-caption\">L&#8217;entr\u00e9e<\/figcaption><\/figure>\n\n\n\n<figure class=\"wp-block-image size-full\"><img decoding=\"async\" width=\"447\" height=\"626\" data-id=\"4055\" src=\"https:\/\/cauterets.site\/wp-content\/uploads\/2022\/10\/MV-bal1.jpg\" alt=\"\" class=\"wp-image-4055\" srcset=\"https:\/\/cauterets.site\/wp-content\/uploads\/2022\/10\/MV-bal1.jpg 447w, https:\/\/cauterets.site\/wp-content\/uploads\/2022\/10\/MV-bal1-214x300.jpg 214w\" sizes=\"(max-width: 447px) 100vw, 447px\" \/><figcaption class=\"wp-element-caption\">Le balcon<\/figcaption><\/figure>\n\n\n\n<figure class=\"wp-block-image size-full\"><img decoding=\"async\" width=\"640\" height=\"480\" data-id=\"4046\" src=\"https:\/\/cauterets.site\/wp-content\/uploads\/2022\/10\/MV-sal1.jpg\" alt=\"\" class=\"wp-image-4046\" srcset=\"https:\/\/cauterets.site\/wp-content\/uploads\/2022\/10\/MV-sal1.jpg 640w, https:\/\/cauterets.site\/wp-content\/uploads\/2022\/10\/MV-sal1-300x225.jpg 300w, https:\/\/cauterets.site\/wp-content\/uploads\/2022\/10\/MV-sal1-360x270.jpg 360w\" sizes=\"(max-width: 640px) 100vw, 640px\" \/><figcaption class=\"wp-element-caption\">Le coin salon<\/figcaption><\/figure>\n\n\n\n<figure class=\"wp-block-image size-full\"><img decoding=\"async\" width=\"640\" height=\"480\" data-id=\"4051\" src=\"https:\/\/cauterets.site\/wp-content\/uploads\/2022\/10\/MV-cui6.jpg\" alt=\"\" class=\"wp-image-4051\" srcset=\"https:\/\/cauterets.site\/wp-content\/uploads\/2022\/10\/MV-cui6.jpg 640w, https:\/\/cauterets.site\/wp-content\/uploads\/2022\/10\/MV-cui6-300x225.jpg 300w, https:\/\/cauterets.site\/wp-content\/uploads\/2022\/10\/MV-cui6-360x270.jpg 360w\" sizes=\"(max-width: 640px) 100vw, 640px\" \/><figcaption class=\"wp-element-caption\">La cuisine est ferm\u00e9e mais pas enferm\u00e9e gr\u00e2ce \u00e0 sa grande vitre<\/figcaption><\/figure>\n\n\n\n<figure class=\"wp-block-image size-full\"><img decoding=\"async\" width=\"480\" height=\"640\" data-id=\"4052\" src=\"https:\/\/cauterets.site\/wp-content\/uploads\/2022\/10\/MV-cui2.jpg\" alt=\"\" class=\"wp-image-4052\" srcset=\"https:\/\/cauterets.site\/wp-content\/uploads\/2022\/10\/MV-cui2.jpg 480w, https:\/\/cauterets.site\/wp-content\/uploads\/2022\/10\/MV-cui2-225x300.jpg 225w\" sizes=\"(max-width: 480px) 100vw, 480px\" \/><figcaption class=\"wp-element-caption\">Bon app\u00e9tit!<\/figcaption><\/figure>\n\n\n\n<figure class=\"wp-block-image size-full\"><img decoding=\"async\" width=\"480\" height=\"640\" data-id=\"4043\" src=\"https:\/\/cauterets.site\/wp-content\/uploads\/2022\/10\/MV-cui8.jpg\" alt=\"\" class=\"wp-image-4043\" srcset=\"https:\/\/cauterets.site\/wp-content\/uploads\/2022\/10\/MV-cui8.jpg 480w, https:\/\/cauterets.site\/wp-content\/uploads\/2022\/10\/MV-cui8-225x300.jpg 225w\" sizes=\"(max-width: 480px) 100vw, 480px\" \/><figcaption class=\"wp-element-caption\">\u00cates vous plut\u00f4t th\u00e9 ou caf\u00e9?<\/figcaption><\/figure>\n\n\n\n<figure class=\"wp-block-image size-full\"><img decoding=\"async\" width=\"640\" height=\"480\" data-id=\"4045\" src=\"https:\/\/cauterets.site\/wp-content\/uploads\/2022\/10\/MV-sal3.jpg\" alt=\"\" class=\"wp-image-4045\" srcset=\"https:\/\/cauterets.site\/wp-content\/uploads\/2022\/10\/MV-sal3.jpg 640w, https:\/\/cauterets.site\/wp-content\/uploads\/2022\/10\/MV-sal3-300x225.jpg 300w, https:\/\/cauterets.site\/wp-content\/uploads\/2022\/10\/MV-sal3-360x270.jpg 360w\" sizes=\"(max-width: 640px) 100vw, 640px\" \/><figcaption class=\"wp-element-caption\">En montant vers les chambres<\/figcaption><\/figure>\n\n\n\n<figure class=\"wp-block-image size-full\"><img decoding=\"async\" width=\"480\" height=\"640\" data-id=\"4041\" src=\"https:\/\/cauterets.site\/wp-content\/uploads\/2022\/10\/MV-sup1.jpg\" alt=\"\" class=\"wp-image-4041\" srcset=\"https:\/\/cauterets.site\/wp-content\/uploads\/2022\/10\/MV-sup1.jpg 480w, https:\/\/cauterets.site\/wp-content\/uploads\/2022\/10\/MV-sup1-225x300.jpg 225w\" sizes=\"(max-width: 480px) 100vw, 480px\" \/><figcaption class=\"wp-element-caption\">Lits superpos\u00e9s<\/figcaption><\/figure>\n\n\n\n<figure class=\"wp-block-image size-full\"><img decoding=\"async\" width=\"480\" height=\"640\" data-id=\"4050\" src=\"https:\/\/cauterets.site\/wp-content\/uploads\/2022\/10\/MV-mez1.jpg\" alt=\"\" class=\"wp-image-4050\" srcset=\"https:\/\/cauterets.site\/wp-content\/uploads\/2022\/10\/MV-mez1.jpg 480w, https:\/\/cauterets.site\/wp-content\/uploads\/2022\/10\/MV-mez1-225x300.jpg 225w\" sizes=\"(max-width: 480px) 100vw, 480px\" \/><figcaption class=\"wp-element-caption\">Petit coin tranquille<\/figcaption><\/figure>\n\n\n\n<figure class=\"wp-block-image size-full\"><img decoding=\"async\" width=\"640\" height=\"480\" data-id=\"4049\" src=\"https:\/\/cauterets.site\/wp-content\/uploads\/2022\/10\/MV-mez2.jpg\" alt=\"\" class=\"wp-image-4049\" srcset=\"https:\/\/cauterets.site\/wp-content\/uploads\/2022\/10\/MV-mez2.jpg 640w, https:\/\/cauterets.site\/wp-content\/uploads\/2022\/10\/MV-mez2-300x225.jpg 300w, https:\/\/cauterets.site\/wp-content\/uploads\/2022\/10\/MV-mez2-360x270.jpg 360w\" sizes=\"(max-width: 640px) 100vw, 640px\" \/><figcaption class=\"wp-element-caption\">Avec tout ce qu&#8217;il faut<\/figcaption><\/figure>\n\n\n\n<figure class=\"wp-block-image size-full\"><img decoding=\"async\" width=\"640\" height=\"480\" data-id=\"4053\" src=\"https:\/\/cauterets.site\/wp-content\/uploads\/2022\/10\/MV-ch5.jpg\" alt=\"\" class=\"wp-image-4053\" srcset=\"https:\/\/cauterets.site\/wp-content\/uploads\/2022\/10\/MV-ch5.jpg 640w, https:\/\/cauterets.site\/wp-content\/uploads\/2022\/10\/MV-ch5-300x225.jpg 300w, https:\/\/cauterets.site\/wp-content\/uploads\/2022\/10\/MV-ch5-360x270.jpg 360w\" sizes=\"(max-width: 640px) 100vw, 640px\" \/><figcaption class=\"wp-element-caption\">La chambre parentale<\/figcaption><\/figure>\n\n\n\n<figure class=\"wp-block-image size-full\"><img decoding=\"async\" width=\"640\" height=\"480\" data-id=\"4054\" src=\"https:\/\/cauterets.site\/wp-content\/uploads\/2022\/10\/MV-ch4.jpg\" alt=\"\" class=\"wp-image-4054\" srcset=\"https:\/\/cauterets.site\/wp-content\/uploads\/2022\/10\/MV-ch4.jpg 640w, https:\/\/cauterets.site\/wp-content\/uploads\/2022\/10\/MV-ch4-300x225.jpg 300w, https:\/\/cauterets.site\/wp-content\/uploads\/2022\/10\/MV-ch4-360x270.jpg 360w\" sizes=\"(max-width: 640px) 100vw, 640px\" \/><figcaption class=\"wp-element-caption\">Pour bien dormir<\/figcaption><\/figure>\n\n\n\n<figure class=\"wp-block-image size-full\"><img decoding=\"async\" width=\"478\" height=\"472\" data-id=\"4040\" src=\"https:\/\/cauterets.site\/wp-content\/uploads\/2022\/10\/MV-sup2.jpg\" alt=\"\" class=\"wp-image-4040\" srcset=\"https:\/\/cauterets.site\/wp-content\/uploads\/2022\/10\/MV-sup2.jpg 478w, https:\/\/cauterets.site\/wp-content\/uploads\/2022\/10\/MV-sup2-300x296.jpg 300w\" sizes=\"(max-width: 478px) 100vw, 478px\" \/><figcaption class=\"wp-element-caption\">Encore une mont\u00e9e?<\/figcaption><\/figure>\n\n\n\n<figure class=\"wp-block-image size-full\"><img decoding=\"async\" width=\"480\" height=\"640\" data-id=\"4048\" src=\"https:\/\/cauterets.site\/wp-content\/uploads\/2022\/10\/MV-mez3.jpg\" alt=\"\" class=\"wp-image-4048\" srcset=\"https:\/\/cauterets.site\/wp-content\/uploads\/2022\/10\/MV-mez3.jpg 480w, https:\/\/cauterets.site\/wp-content\/uploads\/2022\/10\/MV-mez3-225x300.jpg 225w\" sizes=\"(max-width: 480px) 100vw, 480px\" \/><figcaption class=\"wp-element-caption\">Vers la &#8220;cabane&#8221; &#8230;<\/figcaption><\/figure>\n\n\n\n<figure class=\"wp-block-image size-full\"><img decoding=\"async\" width=\"640\" height=\"480\" data-id=\"4047\" src=\"https:\/\/cauterets.site\/wp-content\/uploads\/2022\/10\/MV-mez4.jpg\" alt=\"\" class=\"wp-image-4047\" srcset=\"https:\/\/cauterets.site\/wp-content\/uploads\/2022\/10\/MV-mez4.jpg 640w, https:\/\/cauterets.site\/wp-content\/uploads\/2022\/10\/MV-mez4-300x225.jpg 300w, https:\/\/cauterets.site\/wp-content\/uploads\/2022\/10\/MV-mez4-360x270.jpg 360w\" sizes=\"(max-width: 640px) 100vw, 640px\" \/><figcaption class=\"wp-element-caption\">&#8230; et ses deux lits tiroirs<\/figcaption><\/figure>\n<\/figure>\n\n\n\n<p>Linge de lit, serviettes et m\u00e9nage en suppl\u00e9ment. Garage gratuit en sous-sol pour une petite voiture, ou sinon parking gratuit \u00e0 l&#8217;ext\u00e9rieur de la r\u00e9sidence. <\/p>\n\n\n\n<p>Une caution de 200\u20ac en liquide est demand\u00e9e \u00e0 votre arriv\u00e9e. Elle vous sera remise apr\u00e8s l&#8217;\u00e9tat des lieux.<\/p>\n\n\n\n<p>Nos amis les animaux ne sont pas accept\u00e9s.<\/p>\n\n\n\n<hr class=\"wp-block-separator has-alpha-channel-opacity\"\/>\n\n\n\n<p>\u00c7a vous pla\u00eet?<br>Si vous h\u00e9sitez encore, regardez nos <a href=\"https:\/\/cauterets.site\/chambres\/\">chambres d&#8217;h\u00f4tes<\/a>.<br>Si oui, alors choisissez les dates qui vous arrangent!<br>En tous cas, contactez directement Am\u00e9lie au 06 18 88 76 68 pour en savoir plus sur les prix exacts.<\/p>\n\n\n\n<div class=\"wp-block-abc-shortcodes-single-calendar\">\n\t\t\t\t<div class=\"abc-singlecalendar\" data-checkin-69d2b7e0e34ac=\"0\" data-offset-69d2b7e0e34ac=\"0\" data-month-69d2b7e0e34ac=\"0\" id=\"abc_singlecalendar_69d2b7e0e34ac\">\n\t\t\t\t\t<div class=\"abc-box abc-single-row\">\n\t\t\t\t\t\t<div data-calendar=\"5\" data-id=\"69d2b7e0e34ac\" class=\"abc-box abc-button abc-single-button-left\">\n\t\t\t\t\t\t\t<button class=\"fa fa-chevron-left abc-button-rl\"><\/button>\n\t\t\t\t\t\t<\/div>\n\t\t\t\t\t\t<div class=\"abc-box abc-month\">\n\t\t\t\t\t\t\t<img decoding=\"async\" alt=\"Lade...\" src=\"https:\/\/cauterets.site\/wp-admin\/images\/wpspin_light.gif\" class=\"waiting\" id=\"abc_single_loading-69d2b7e0e34ac\" style=\"display:none\" \/><span id=\"singlecalendar-month-69d2b7e0e34ac\">April 2026<\/span><\/div>\n\t\t\t\t\t\t\t<div data-calendar=\"5\" data-id=\"69d2b7e0e34ac\" class=\"abc-box abc-button abc-single-button-right\">\n\t\t\t\t\t\t\t\t<button class=\"fa fa-chevron-right abc-button-rl\"><\/button>\n\t\t\t\t\t\t<\/div>\n\t\t\t\t\t<\/div>\n\t\t\t\t\t<div class=\"abc-box abc-single-row\">\n\t\t\t\t\t<div class=\"abc-box abc-col-day abc-dayname\">Mo<\/div>\n\t\t\t\t\t<div class=\"abc-box abc-col-day abc-dayname abc-dotted\">Di<\/div>\n\t\t\t\t\t<div class=\"abc-box abc-col-day abc-dayname abc-dotted\">Mi<\/div>\n\t\t\t\t\t<div class=\"abc-box abc-col-day abc-dayname abc-dotted\">Do<\/div>\n\t\t\t\t\t<div class=\"abc-box abc-col-day abc-dayname abc-dotted\">Fr<\/div>\n\t\t\t\t\t<div class=\"abc-box abc-col-day abc-dayname abc-dotted\">Sa<\/div>\n\t\t\t\t\t<div class=\"abc-box abc-col-day abc-dayname abc-dotted\">So<\/div>\n\t\t\t\t\t<\/div>\n\t\t\t\t\t<div id=\"abc-calendar-days-69d2b7e0e34ac\">\n\t\t\t\t\t\t<div class=\"abc-box abc-single-row\"><div class=\"abc-box abc-col-day \">&nbsp;<\/div><div class=\"abc-box abc-col-day abc-dotted \">&nbsp;<\/div><div title=\"\" data-calendar=\"5\" data-id=\"69d2b7e0e34ac\" data-date=\"2026-04-01\" class=\"abc-box abc-col-day abc-dotted abc-past abc-date-item \" id=\"abc-day-69d2b7e0e34ac2026-04-01\">1<br \/><span class=\"abc-single-price\"><\/span><\/div><div title=\"\" data-calendar=\"5\" data-id=\"69d2b7e0e34ac\" data-date=\"2026-04-02\" class=\"abc-box abc-col-day abc-dotted abc-past abc-date-item \" id=\"abc-day-69d2b7e0e34ac2026-04-02\">2<br \/><span class=\"abc-single-price\"><\/span><\/div><div title=\"\" data-calendar=\"5\" data-id=\"69d2b7e0e34ac\" data-date=\"2026-04-03\" class=\"abc-box abc-col-day abc-dotted abc-past abc-date-item \" id=\"abc-day-69d2b7e0e34ac2026-04-03\">3<br \/><span class=\"abc-single-price\"><\/span><\/div><div title=\"\" data-calendar=\"5\" data-id=\"69d2b7e0e34ac\" data-date=\"2026-04-04\" class=\"abc-box abc-col-day abc-dotted abc-past abc-date-item \" id=\"abc-day-69d2b7e0e34ac2026-04-04\">4<br \/><span class=\"abc-single-price\"><\/span><\/div><div title=\"Verf\u00fcgbar:\n05\/04\/2026: 140 \u20ac\" data-calendar=\"5\" data-id=\"69d2b7e0e34ac\" data-date=\"2026-04-05\" class=\"abc-box abc-col-day abc-dotted abc-avail abc-date-selector abc-date-item \" id=\"abc-day-69d2b7e0e34ac2026-04-05\">5<br \/><span class=\"abc-single-price\">140 \u20ac<\/span><\/div><\/div><div class=\"abc-box abc-single-row\"><div title=\"Verf\u00fcgbar:\n06\/04\/2026: 140 \u20ac\" data-calendar=\"5\" data-id=\"69d2b7e0e34ac\" data-date=\"2026-04-06\" class=\"abc-box abc-col-day abc-avail abc-date-selector abc-date-item \" id=\"abc-day-69d2b7e0e34ac2026-04-06\">6<br \/><span class=\"abc-single-price\">140 \u20ac<\/span><\/div><div title=\"Verf\u00fcgbar:\n07\/04\/2026: 140 \u20ac\" data-calendar=\"5\" data-id=\"69d2b7e0e34ac\" data-date=\"2026-04-07\" class=\"abc-box abc-col-day abc-dotted abc-avail abc-date-selector abc-date-item \" id=\"abc-day-69d2b7e0e34ac2026-04-07\">7<br \/><span class=\"abc-single-price\">140 \u20ac<\/span><\/div><div title=\"Verf\u00fcgbar:\n08\/04\/2026: 140 \u20ac\" data-calendar=\"5\" data-id=\"69d2b7e0e34ac\" data-date=\"2026-04-08\" class=\"abc-box abc-col-day abc-dotted abc-avail abc-date-selector abc-date-item \" id=\"abc-day-69d2b7e0e34ac2026-04-08\">8<br \/><span class=\"abc-single-price\">140 \u20ac<\/span><\/div><div title=\"Verf\u00fcgbar:\n09\/04\/2026: 140 \u20ac\" data-calendar=\"5\" data-id=\"69d2b7e0e34ac\" data-date=\"2026-04-09\" class=\"abc-box abc-col-day abc-dotted abc-avail abc-date-selector abc-date-item \" id=\"abc-day-69d2b7e0e34ac2026-04-09\">9<br \/><span class=\"abc-single-price\">140 \u20ac<\/span><\/div><div title=\"Verf\u00fcgbar:\n10\/04\/2026: 140 \u20ac\" data-calendar=\"5\" data-id=\"69d2b7e0e34ac\" data-date=\"2026-04-10\" class=\"abc-box abc-col-day abc-dotted abc-avail abc-date-selector abc-date-item \" id=\"abc-day-69d2b7e0e34ac2026-04-10\">10<br \/><span class=\"abc-single-price\">140 \u20ac<\/span><\/div><div title=\"Verf\u00fcgbar:\n11\/04\/2026: 140 \u20ac\" data-calendar=\"5\" data-id=\"69d2b7e0e34ac\" data-date=\"2026-04-11\" class=\"abc-box abc-col-day abc-dotted abc-avail abc-date-selector abc-date-item \" id=\"abc-day-69d2b7e0e34ac2026-04-11\">11<br \/><span class=\"abc-single-price\">140 \u20ac<\/span><\/div><div title=\"Verf\u00fcgbar:\n12\/04\/2026: 140 \u20ac\" data-calendar=\"5\" data-id=\"69d2b7e0e34ac\" data-date=\"2026-04-12\" class=\"abc-box abc-col-day abc-dotted abc-avail abc-date-selector abc-date-item \" id=\"abc-day-69d2b7e0e34ac2026-04-12\">12<br \/><span class=\"abc-single-price\">140 \u20ac<\/span><\/div><\/div><div class=\"abc-box abc-single-row\"><div title=\"Verf\u00fcgbar:\n13\/04\/2026: 140 \u20ac\" data-calendar=\"5\" data-id=\"69d2b7e0e34ac\" data-date=\"2026-04-13\" class=\"abc-box abc-col-day abc-avail abc-date-selector abc-date-item \" id=\"abc-day-69d2b7e0e34ac2026-04-13\">13<br \/><span class=\"abc-single-price\">140 \u20ac<\/span><\/div><div title=\"Verf\u00fcgbar:\n14\/04\/2026: 140 \u20ac\" data-calendar=\"5\" data-id=\"69d2b7e0e34ac\" data-date=\"2026-04-14\" class=\"abc-box abc-col-day abc-dotted abc-avail abc-date-selector abc-date-item \" id=\"abc-day-69d2b7e0e34ac2026-04-14\">14<br \/><span class=\"abc-single-price\">140 \u20ac<\/span><\/div><div title=\"Verf\u00fcgbar:\n15\/04\/2026: 140 \u20ac\" data-calendar=\"5\" data-id=\"69d2b7e0e34ac\" data-date=\"2026-04-15\" class=\"abc-box abc-col-day abc-dotted abc-avail abc-date-selector abc-date-item \" id=\"abc-day-69d2b7e0e34ac2026-04-15\">15<br \/><span class=\"abc-single-price\">140 \u20ac<\/span><\/div><div title=\"Verf\u00fcgbar:\n16\/04\/2026: 140 \u20ac\" data-calendar=\"5\" data-id=\"69d2b7e0e34ac\" data-date=\"2026-04-16\" class=\"abc-box abc-col-day abc-dotted abc-avail abc-date-selector abc-date-item \" id=\"abc-day-69d2b7e0e34ac2026-04-16\">16<br \/><span class=\"abc-single-price\">140 \u20ac<\/span><\/div><div title=\"Verf\u00fcgbar:\n17\/04\/2026: 140 \u20ac\" data-calendar=\"5\" data-id=\"69d2b7e0e34ac\" data-date=\"2026-04-17\" class=\"abc-box abc-col-day abc-dotted abc-avail abc-date-selector abc-date-item \" id=\"abc-day-69d2b7e0e34ac2026-04-17\">17<br \/><span class=\"abc-single-price\">140 \u20ac<\/span><\/div><div title=\"Verf\u00fcgbar:\n18\/04\/2026: 140 \u20ac\" data-calendar=\"5\" data-id=\"69d2b7e0e34ac\" data-date=\"2026-04-18\" class=\"abc-box abc-col-day abc-dotted abc-avail abc-date-selector abc-date-item \" id=\"abc-day-69d2b7e0e34ac2026-04-18\">18<br \/><span class=\"abc-single-price\">140 \u20ac<\/span><\/div><div title=\"Verf\u00fcgbar:\n19\/04\/2026: 140 \u20ac\" data-calendar=\"5\" data-id=\"69d2b7e0e34ac\" data-date=\"2026-04-19\" class=\"abc-box abc-col-day abc-dotted abc-avail abc-date-selector abc-date-item \" id=\"abc-day-69d2b7e0e34ac2026-04-19\">19<br \/><span class=\"abc-single-price\">140 \u20ac<\/span><\/div><\/div><div class=\"abc-box abc-single-row\"><div title=\"Verf\u00fcgbar:\n20\/04\/2026: 140 \u20ac\" data-calendar=\"5\" data-id=\"69d2b7e0e34ac\" data-date=\"2026-04-20\" class=\"abc-box abc-col-day abc-avail abc-date-selector abc-date-item \" id=\"abc-day-69d2b7e0e34ac2026-04-20\">20<br \/><span class=\"abc-single-price\">140 \u20ac<\/span><\/div><div title=\"Verf\u00fcgbar:\n21\/04\/2026: 140 \u20ac\" data-calendar=\"5\" data-id=\"69d2b7e0e34ac\" data-date=\"2026-04-21\" class=\"abc-box abc-col-day abc-dotted abc-avail abc-date-selector abc-date-item \" id=\"abc-day-69d2b7e0e34ac2026-04-21\">21<br \/><span class=\"abc-single-price\">140 \u20ac<\/span><\/div><div title=\"Verf\u00fcgbar:\n22\/04\/2026: 140 \u20ac\" data-calendar=\"5\" data-id=\"69d2b7e0e34ac\" data-date=\"2026-04-22\" class=\"abc-box abc-col-day abc-dotted abc-avail abc-date-selector abc-date-item \" id=\"abc-day-69d2b7e0e34ac2026-04-22\">22<br \/><span class=\"abc-single-price\">140 \u20ac<\/span><\/div><div title=\"Verf\u00fcgbar:\n23\/04\/2026: 140 \u20ac\" data-calendar=\"5\" data-id=\"69d2b7e0e34ac\" data-date=\"2026-04-23\" class=\"abc-box abc-col-day abc-dotted abc-avail abc-date-selector abc-date-item \" id=\"abc-day-69d2b7e0e34ac2026-04-23\">23<br \/><span class=\"abc-single-price\">140 \u20ac<\/span><\/div><div title=\"Verf\u00fcgbar:\n24\/04\/2026: 140 \u20ac\" data-calendar=\"5\" data-id=\"69d2b7e0e34ac\" data-date=\"2026-04-24\" class=\"abc-box abc-col-day abc-dotted abc-avail abc-date-selector abc-date-item \" id=\"abc-day-69d2b7e0e34ac2026-04-24\">24<br \/><span class=\"abc-single-price\">140 \u20ac<\/span><\/div><div title=\"Verf\u00fcgbar:\n25\/04\/2026: 140 \u20ac\" data-calendar=\"5\" data-id=\"69d2b7e0e34ac\" data-date=\"2026-04-25\" class=\"abc-box abc-col-day abc-dotted abc-avail abc-date-selector abc-date-item \" id=\"abc-day-69d2b7e0e34ac2026-04-25\">25<br \/><span class=\"abc-single-price\">140 \u20ac<\/span><\/div><div title=\"Verf\u00fcgbar:\n26\/04\/2026: 140 \u20ac\" data-calendar=\"5\" data-id=\"69d2b7e0e34ac\" data-date=\"2026-04-26\" class=\"abc-box abc-col-day abc-dotted abc-avail abc-date-selector abc-date-item \" id=\"abc-day-69d2b7e0e34ac2026-04-26\">26<br \/><span class=\"abc-single-price\">140 \u20ac<\/span><\/div><\/div><div class=\"abc-box abc-single-row\"><div title=\"Verf\u00fcgbar:\n27\/04\/2026: 140 \u20ac\" data-calendar=\"5\" data-id=\"69d2b7e0e34ac\" data-date=\"2026-04-27\" class=\"abc-box abc-col-day abc-avail abc-date-selector abc-date-item \" id=\"abc-day-69d2b7e0e34ac2026-04-27\">27<br \/><span class=\"abc-single-price\">140 \u20ac<\/span><\/div><div title=\"Verf\u00fcgbar:\n28\/04\/2026: 140 \u20ac\" data-calendar=\"5\" data-id=\"69d2b7e0e34ac\" data-date=\"2026-04-28\" class=\"abc-box abc-col-day abc-dotted abc-avail abc-date-selector abc-date-item \" id=\"abc-day-69d2b7e0e34ac2026-04-28\">28<br \/><span class=\"abc-single-price\">140 \u20ac<\/span><\/div><div title=\"Verf\u00fcgbar:\n29\/04\/2026: 140 \u20ac\" data-calendar=\"5\" data-id=\"69d2b7e0e34ac\" data-date=\"2026-04-29\" class=\"abc-box abc-col-day abc-dotted abc-avail abc-date-selector abc-date-item \" id=\"abc-day-69d2b7e0e34ac2026-04-29\">29<br \/><span class=\"abc-single-price\">140 \u20ac<\/span><\/div><div title=\"Verf\u00fcgbar:\n30\/04\/2026: 140 \u20ac\" data-calendar=\"5\" data-id=\"69d2b7e0e34ac\" data-date=\"2026-04-30\" class=\"abc-box abc-col-day abc-dotted abc-avail abc-date-selector abc-date-item \" id=\"abc-day-69d2b7e0e34ac2026-04-30\">30<br \/><span class=\"abc-single-price\">140 \u20ac<\/span><\/div><\/div>\n\t\t\t\t\t<\/div><div class=\"abc-single-legend\">\n\t\t\t\t\t\t\t\t\t\t\t<span class=\"fa fa-square-o abc-single-legend-available\"><\/span>\n\t\t\t\t\t\t\t\t\t\t\tVerf\u00fcgbar<span class=\"fa fa-square abc-single-legend-fully\"><\/span>\n\t\t\t\t\t\t\t\t\t\tAusgebucht\n\t\t\t\t\t\t\t\t\t\t<\/div><div id=\"abc-booking-69d2b7e0e34ac\" class=\"abc-booking-selection\">\n\t\t\t\t\t<\/div>\n\t\t\t\t<\/div><\/div>\n","protected":false},"excerpt":{"rendered":"","protected":false},"author":2,"featured_media":4042,"parent":0,"menu_order":0,"comment_status":"closed","ping_status":"closed","template":"","meta":{"footnotes":""},"class_list":["post-4031","page","type-page","status-publish","has-post-thumbnail","hentry"],"_links":{"self":[{"href":"https:\/\/cauterets.site\/de_de\/wp-json\/wp\/v2\/pages\/4031","targetHints":{"allow":["GET"]}}],"collection":[{"href":"https:\/\/cauterets.site\/de_de\/wp-json\/wp\/v2\/pages"}],"about":[{"href":"https:\/\/cauterets.site\/de_de\/wp-json\/wp\/v2\/types\/page"}],"author":[{"embeddable":true,"href":"https:\/\/cauterets.site\/de_de\/wp-json\/wp\/v2\/users\/2"}],"replies":[{"embeddable":true,"href":"https:\/\/cauterets.site\/de_de\/wp-json\/wp\/v2\/comments?post=4031"}],"version-history":[{"count":9,"href":"https:\/\/cauterets.site\/de_de\/wp-json\/wp\/v2\/pages\/4031\/revisions"}],"predecessor-version":[{"id":7129,"href":"https:\/\/cauterets.site\/de_de\/wp-json\/wp\/v2\/pages\/4031\/revisions\/7129"}],"wp:featuredmedia":[{"embeddable":true,"href":"https:\/\/cauterets.site\/de_de\/wp-json\/wp\/v2\/media\/4042"}],"wp:attachment":[{"href":"https:\/\/cauterets.site\/de_de\/wp-json\/wp\/v2\/media?parent=4031"}],"curies":[{"name":"wp","href":"https:\/\/api.w.org\/{rel}","templated":true}]}}