{"id":3,"date":"2020-04-25T12:38:39","date_gmt":"2020-04-25T10:38:39","guid":{"rendered":"https:\/\/cauterets.site\/?page_id=3"},"modified":"2025-09-14T17:10:49","modified_gmt":"2025-09-14T15:10:49","slug":"privacy-policy","status":"publish","type":"page","link":"https:\/\/cauterets.site\/de_de\/privacy-policy\/","title":{"rendered":"Mentions l\u00e9gales"},"content":{"rendered":"\n<p><em>Site publi\u00e9 par: <\/em><br>Le Clot de la Hount<br>5 impasse du Cerbillona <br>65 110 Cauterets &#8211; France<\/p>\n\n\n\n<hr class=\"wp-block-separator has-css-opacity\"\/>\n\n\n\n<h2 class=\"wp-block-heading\">Avertissement<\/h2>\n\n\n\n<p>Les informations figurant sur ce site sont purement indicatives et ne sauraient engager la responsabilit\u00e9 de l\u2019\u00e9diteur.<\/p>\n\n\n\n<p>Ces informations, qui ne pr\u00e9tendent pas \u00e0 l\u2019exhaustivit\u00e9, ne sauraient valoir conseil, de quelque nature que ce soit.<\/p>\n\n\n\n<p>Ces informations sont susceptibles de modifications \u00e0 tout moment et sans pr\u00e9avis.<\/p>\n\n\n\n<hr class=\"wp-block-separator has-css-opacity\"\/>\n\n\n\n<h2 class=\"wp-block-heading\">Loi informatique et libert\u00e9 GDPR<\/h2>\n\n\n\n<p>Ce site ne collecte par d\u00e9faut aucune information sur ses visiteurs.<\/p>\n\n\n\n<p>En cas de r\u00e9servation, ou d&#8217;envoi d&#8217;un formulaire, certaines informations sont stock\u00e9es de mani\u00e8re temporaire. Vous pouvez exercer votre droit de regard sur les donn\u00e9es collect\u00e9es <a href=\"https:\/\/cauterets.site\/contact\/\" data-type=\"page\" data-id=\"667\">en nous contactant<\/a>.<\/p>\n\n\n\n<hr class=\"wp-block-separator has-css-opacity\"\/>\n\n\n\n<h2 class=\"wp-block-heading\">H\u00e9bergement<\/h2>\n\n\n\n<p>Site Internet h\u00e9berg\u00e9 chez nous \u00e0 Cauterets chez les gentilles marmottes, et administr\u00e9 par <a href=\"https:\/\/synopse.info\/forum\/viewtopic.php?id=25\" target=\"_blank\" rel=\"noreferrer noopener\">nos soins<\/a>.<\/p>\n","protected":false},"excerpt":{"rendered":"<p>Site publi\u00e9 par: Le Clot de la HountCostab\u00e8re &#8211; 5 impasse du Cerbillona 65 110 Cauterets &#8211; France Avertissement Les informations figurant sur ce site sont purement indicatives et ne sauraient engager la responsabilit\u00e9 de l\u2019\u00e9diteur. Ces informations, qui ne pr\u00e9tendent pas \u00e0 l\u2019exhaustivit\u00e9, ne sauraient valoir conseil, de quelque nature que ce soit. Ces<\/p>\n<div class=\"\" ><a class=\"custom-btn book-sm\" href=\"https:\/\/cauterets.site\/de_de\/privacy-policy\/\"><i class=\"fa fa-chevron-circle-right\"><\/i>Read More<\/a><\/div>\n","protected":false},"author":1,"featured_media":0,"parent":0,"menu_order":3,"comment_status":"closed","ping_status":"closed","template":"","meta":{"footnotes":""},"class_list":["post-3","page","type-page","status-publish","hentry"],"_links":{"self":[{"href":"https:\/\/cauterets.site\/de_de\/wp-json\/wp\/v2\/pages\/3","targetHints":{"allow":["GET"]}}],"collection":[{"href":"https:\/\/cauterets.site\/de_de\/wp-json\/wp\/v2\/pages"}],"about":[{"href":"https:\/\/cauterets.site\/de_de\/wp-json\/wp\/v2\/types\/page"}],"author":[{"embeddable":true,"href":"https:\/\/cauterets.site\/de_de\/wp-json\/wp\/v2\/users\/1"}],"replies":[{"embeddable":true,"href":"https:\/\/cauterets.site\/de_de\/wp-json\/wp\/v2\/comments?post=3"}],"version-history":[{"count":20,"href":"https:\/\/cauterets.site\/de_de\/wp-json\/wp\/v2\/pages\/3\/revisions"}],"predecessor-version":[{"id":6957,"href":"https:\/\/cauterets.site\/de_de\/wp-json\/wp\/v2\/pages\/3\/revisions\/6957"}],"wp:attachment":[{"href":"https:\/\/cauterets.site\/de_de\/wp-json\/wp\/v2\/media?parent=3"}],"curies":[{"name":"wp","href":"https:\/\/api.w.org\/{rel}","templated":true}]}}